{"id":4111,"date":"2022-01-21T20:57:01","date_gmt":"2022-01-21T19:57:01","guid":{"rendered":"https:\/\/tech-automation.dk\/o-techautomation\/"},"modified":"2024-03-25T19:29:13","modified_gmt":"2024-03-25T18:29:13","slug":"o-techautomation","status":"publish","type":"page","link":"https:\/\/tech-automation.dk\/pl\/o-techautomation\/","title":{"rendered":"O TechAutomation"},"content":{"rendered":"\t\t<div data-elementor-type=\"wp-page\" data-elementor-id=\"4111\" class=\"elementor elementor-4111 elementor-149\" data-elementor-post-type=\"page\">\n\t\t\t\t\t\t<section class=\"elementor-section elementor-top-section elementor-element elementor-element-a1d9fd1 elementor-section-height-min-height elementor-section-stretched animated-slow elementor-section-items-top elementor-section-boxed elementor-section-height-default\" data-id=\"a1d9fd1\" data-element_type=\"section\" data-e-type=\"section\" data-settings=\"{&quot;stretch_section&quot;:&quot;section-stretched&quot;,&quot;background_background&quot;:&quot;classic&quot;,&quot;animation&quot;:&quot;none&quot;,&quot;animation_delay&quot;:2000}\">\n\t\t\t\t\t\t\t<div class=\"elementor-background-overlay\"><\/div>\n\t\t\t\t\t\t\t<div class=\"elementor-container elementor-column-gap-default\">\n\t\t\t\t\t<div class=\"elementor-column elementor-col-100 elementor-top-column elementor-element elementor-element-49a924e0\" data-id=\"49a924e0\" data-element_type=\"column\" data-e-type=\"column\">\n\t\t\t<div class=\"elementor-widget-wrap elementor-element-populated\">\n\t\t\t\t\t\t<div class=\"elementor-element elementor-element-36f9b6b7 elementor-widget elementor-widget-text-editor\" data-id=\"36f9b6b7\" data-element_type=\"widget\" data-e-type=\"widget\" data-widget_type=\"text-editor.default\">\n\t\t\t\t\t\t\t\t\t<p>O Tech-Automation<\/p>\n\t\t\t\t\t\t\t\t<\/div>\n\t\t\t\t<div class=\"elementor-element elementor-element-657509a0 elementor-invisible elementor-widget elementor-widget-heading\" data-id=\"657509a0\" data-element_type=\"widget\" data-e-type=\"widget\" data-settings=\"{&quot;_animation&quot;:&quot;fadeInLeft&quot;,&quot;_animation_delay&quot;:1000}\" data-widget_type=\"heading.default\">\n\t\t\t\t\t<h1 class=\"elementor-heading-title elementor-size-default\">Razem mo\u017cemy<br>  zrobi\u0107 r\u00f3\u017cnic\u0119<\/h1>\t\t\t\t<\/div>\n\t\t\t\t<div class=\"elementor-element elementor-element-34f184c elementor-invisible elementor-widget elementor-widget-text-editor\" data-id=\"34f184c\" data-element_type=\"widget\" data-e-type=\"widget\" data-settings=\"{&quot;_animation&quot;:&quot;fadeInUp&quot;}\" data-widget_type=\"text-editor.default\">\n\t\t\t\t\t\t\t\t\t<p style=\"font-weight: 400;\">Dla nas dobre relacje s\u0105 kluczem do sukcesu, dlatego skupiamy si\u0119 na spersonalizowanym kontakcie, aby\u015bmy wsp\u00f3lnie mogli dokona\u0107 zmian w Twojej firmie. Staramy si\u0119 by\u0107 otwartym i skutecznym partnerem, gotowym pom\u00f3c w rozwi\u0105zaniu ka\u017cdego wyzwania.<\/p>\n<p style=\"font-weight: 400;\">Wiemy, w czym jeste\u015bmy dobrzy, ale wiemy te\u017c, kiedy kto\u015b inny jest lepszy. Je\u015bli sami nie mo\u017cemy wykona\u0107 zadania, z przyjemno\u015bci\u0105 pomo\u017cemy znale\u017a\u0107 odpowiednich ludzi, kt\u00f3rzy mog\u0105 to zrobi\u0107.<\/p>\n<p style=\"font-weight: 400;\">Skupiamy si\u0119 nie tylko na bliskich relacjach z naszymi klientami. R\u00f3wnie wa\u017cne jest dla nas to, \u017ce Tech Automation jest \u015bwietnym miejscem pracy. W\u0142a\u015bnie dlatego staramy si\u0119 tworzy\u0107 miejsce pracy, w kt\u00f3rym panuje r\u00f3wnowaga mi\u0119dzy \u017cyciem zawodowym a prywatnym, w kt\u00f3rym ka\u017cdy wk\u0142ad jest mile widziany i w kt\u00f3rym koncentrujemy si\u0119 na rozwoju osobistym.<\/p>\n\t\t\t\t\t\t\t\t<\/div>\n\t\t\t\t<div class=\"elementor-element elementor-element-bd6b3a8 elementor-widget elementor-widget-image\" data-id=\"bd6b3a8\" data-element_type=\"widget\" data-e-type=\"widget\" data-widget_type=\"image.default\">\n\t\t\t\t\t\t\t\t\t\t\t\t\t\t\t<img fetchpriority=\"high\" decoding=\"async\" width=\"867\" height=\"210\" src=\"https:\/\/tech-automation.dk\/wp-content\/uploads\/2022\/06\/Figur_opgave_v4.png\" class=\"attachment-2048x2048 size-2048x2048 wp-image-3759\" alt=\"\" srcset=\"https:\/\/tech-automation.dk\/wp-content\/uploads\/2022\/06\/Figur_opgave_v4.png 867w, https:\/\/tech-automation.dk\/wp-content\/uploads\/2022\/06\/Figur_opgave_v4-300x73.png 300w, https:\/\/tech-automation.dk\/wp-content\/uploads\/2022\/06\/Figur_opgave_v4-768x186.png 768w\" sizes=\"(max-width: 867px) 100vw, 867px\" \/>\t\t\t\t\t\t\t\t\t\t\t\t\t\t\t<\/div>\n\t\t\t\t\t<\/div>\n\t\t<\/div>\n\t\t\t\t\t<\/div>\n\t\t<\/section>\n\t\t\t\t<\/div>\n\t\t","protected":false},"excerpt":{"rendered":"<p>O Tech-Automation Razem mo\u017cemy zrobi\u0107 r\u00f3\u017cnic\u0119 Dla nas dobre relacje s\u0105 kluczem do sukcesu, dlatego skupiamy si\u0119 na spersonalizowanym kontakcie, aby\u015bmy wsp\u00f3lnie mogli dokona\u0107 zmian w Twojej firmie. Staramy si\u0119 by\u0107 otwartym i skutecznym partnerem, gotowym pom\u00f3c w rozwi\u0105zaniu ka\u017cdego wyzwania. Wiemy, w czym jeste\u015bmy dobrzy, ale wiemy te\u017c, kiedy kto\u015b inny jest lepszy. Je\u015bli [&hellip;]<\/p>\n","protected":false},"author":4,"featured_media":0,"parent":0,"menu_order":0,"comment_status":"closed","ping_status":"closed","template":"","meta":{"footnotes":""},"class_list":["post-4111","page","type-page","status-publish","hentry"],"_links":{"self":[{"href":"https:\/\/tech-automation.dk\/pl\/wp-json\/wp\/v2\/pages\/4111","targetHints":{"allow":["GET"]}}],"collection":[{"href":"https:\/\/tech-automation.dk\/pl\/wp-json\/wp\/v2\/pages"}],"about":[{"href":"https:\/\/tech-automation.dk\/pl\/wp-json\/wp\/v2\/types\/page"}],"author":[{"embeddable":true,"href":"https:\/\/tech-automation.dk\/pl\/wp-json\/wp\/v2\/users\/4"}],"replies":[{"embeddable":true,"href":"https:\/\/tech-automation.dk\/pl\/wp-json\/wp\/v2\/comments?post=4111"}],"version-history":[{"count":4,"href":"https:\/\/tech-automation.dk\/pl\/wp-json\/wp\/v2\/pages\/4111\/revisions"}],"predecessor-version":[{"id":4136,"href":"https:\/\/tech-automation.dk\/pl\/wp-json\/wp\/v2\/pages\/4111\/revisions\/4136"}],"wp:attachment":[{"href":"https:\/\/tech-automation.dk\/pl\/wp-json\/wp\/v2\/media?parent=4111"}],"curies":[{"name":"wp","href":"https:\/\/api.w.org\/{rel}","templated":true}]}}