{"id":4112,"date":"2023-12-25T22:02:01","date_gmt":"2023-12-25T21:02:01","guid":{"rendered":"https:\/\/tech-automation.dk\/oswiadczenie-o-ochronie-prywatnosci-ue\/"},"modified":"2024-03-25T19:29:17","modified_gmt":"2024-03-25T18:29:17","slug":"oswiadczenie-o-ochronie-prywatnosci-ue","status":"publish","type":"page","link":"https:\/\/tech-automation.dk\/pl\/oswiadczenie-o-ochronie-prywatnosci-ue\/","title":{"rendered":"O\u015bwiadczenie o ochronie prywatno\u015bci (UE)"},"content":{"rendered":"\n<!-- Legal document generated by Complianz | GDPR\/CCPA Cookie Consent https:\/\/wordpress.org\/plugins\/complianz-gdpr -->\n<div id=\"cmplz-document\" class=\"cmplz-document privacy-statement cmplz-document-eu\"><p><i>Niniejsze o\u015bwiadczenie o ochronie prywatno\u015bci zosta\u0142o ostatnio zmienione 9. maj 2026 i dotyczy obywateli oraz legalnych sta\u0142ych rezydent\u00f3w Europejskiego Obszaru Gospodarczego i Szwajcarii.<\/i><br \/><br \/><\/p><p><p>W tym o\u015bwiadczeniu o ochronie prywatno\u015bci wyja\u015bniamy, co robimy z danymi, kt\u00f3re uzyskujemy o tobie za po\u015brednictwem <a href=\"https:\/\/tech-automation.dk\/pl\/\">https:\/\/tech-automation.dk\/pl\/<\/a>. Zalecamy uwa\u017cne przeczytanie tego o\u015bwiadczenia. Przetwarzaj\u0105c dane, przestrzegamy przepis\u00f3w dotycz\u0105cych prywatno\u015bci. Oznacza to mi\u0119dzy innymi, \u017ce:<\/p><ul>\n                <li>jasno okre\u015blamy cele, dla kt\u00f3rych przetwarzamy dane osobowe. Robimy to za pomoc\u0105 niniejszego o\u015bwiadczenia o ochronie prywatno\u015bci;<\/li>\n                <li>d\u0105\u017cymy do ograniczenia gromadzenia przez nas danych osobowych tylko do tych danych, kt\u00f3re s\u0105 niezb\u0119dne do uzasadnionych cel\u00f3w;<\/li>\n                <li>w pierwszej kolejno\u015bci prosimy o wyra\u017an\u0105 zgod\u0119 na przetwarzanie twoich danych osobowych w przypadkach wymagaj\u0105cych twojej zgody;<\/li>\n                <li>podejmujemy odpowiednie \u015brodki bezpiecze\u0144stwa, aby chroni\u0107 twoje dane osobowe, a tak\u017ce wymagamy tego od stron, kt\u00f3re przetwarzaj\u0105 dane osobowe w naszym imieniu;<\/li>\n                <li>szanujemy twoje prawo dost\u0119pu do twoich danych osobowych, ich poprawiania lub usuwania na twoje \u017c\u0105danie.<\/li>\n            <\/ul><p>Je\u015bli masz jakie\u015b pytania lub chcesz dok\u0142adnie wiedzie\u0107, jakie dane na tw\u00f3j temat przechowujemy, skontaktuj si\u0119 z nami.<\/p><\/p><h2>1. Cel, dane i okres przechowywania<\/h2>Mo\u017cemy zbiera\u0107 lub otrzymywa\u0107 dane osobowe w wielu celach zwi\u0105zanych z nasz\u0105 dzia\u0142alno\u015bci\u0105 biznesow\u0105, kt\u00f3re mog\u0105 obejmowa\u0107: (kliknij, aby rozwin\u0105\u0107)<details class=\"cmplz-dropdown dropdown-privacy-statement\"><summary><div><h3>1.1 Kontakt - przez telefon, poczt\u0119, email i\/lub formularze<\/h3><\/div><\/summary><p class=\"cmplz-subtitle\">W tym celu wykorzystujemy nast\u0119puj\u0105ce dane:<\/p><p><ul><li>Imi\u0119 i nazwisko<\/li><li>Adres email<\/li><li>Numer telefonu<\/li><\/ul><\/p><p class=\"cmplz-subtitle\">Podstaw\u0105, na kt\u00f3rej mo\u017cemy przetwarza\u0107 te dane, jest:<\/p><p><a target=\"_blank\" rel=\"noopener noreferrer nofollow\" href=\"https:\/\/cookiedatabase.org\/legal-bases\/#legitimate\">Jest to niezb\u0119dne do cel\u00f3w wynikaj\u0105cych z prawnie uzasadnionych interes\u00f3w realizowanych przez administratora lub przez stron\u0119 trzeci\u0105, a interes ten przewa\u017ca nad interesem osoby, kt\u00f3rej dane dotycz\u0105.<\/a><\/p><p class=\"cmplz-subtitle\">Okres przechowywania<\/p><p>Przechowujemy te dane po zako\u0144czeniu \u015bwiadczenia us\u0142ugi przez nast\u0119puj\u0105c\u0105 liczb\u0119 miesi\u0119cy: 36<\/p><\/details><details class=\"cmplz-dropdown dropdown-privacy-statement\"><summary><div><h3>1.2 Newsletters<\/h3><\/div><\/summary><p class=\"cmplz-subtitle\">W tym celu wykorzystujemy nast\u0119puj\u0105ce dane:<\/p><p><ul><li>Adres email<\/li><\/ul><\/p><p class=\"cmplz-subtitle\">Podstaw\u0105, na kt\u00f3rej mo\u017cemy przetwarza\u0107 te dane, jest:<\/p><p><a target=\"_blank\" rel=\"noopener noreferrer nofollow\" href=\"https:\/\/cookiedatabase.org\/legal-bases\/#consent\">Za zgod\u0105.<\/a><\/p><p class=\"cmplz-subtitle\">Okres przechowywania<\/p><p>Przechowujemy te dane po zako\u0144czeniu \u015bwiadczenia us\u0142ugi przez nast\u0119puj\u0105c\u0105 liczb\u0119 miesi\u0119cy: 36<\/p><\/details><details class=\"cmplz-dropdown dropdown-privacy-statement\"><summary><div><h3>1.3 Tworzenie i analizowanie statystyk w celu ulepszania witryny.<\/h3><\/div><\/summary><p class=\"cmplz-subtitle\">W tym celu wykorzystujemy nast\u0119puj\u0105ce dane:<\/p><p><ul><li>Informacje o aktywno\u015bci w internecie zawieraj\u0105ce, ale nie ograniczone do, histori\u0119 przegl\u0105dania, histori\u0119 wyszukiwania oraz informacje dotycz\u0105ce interakcji konsumenta z witryn\u0105 internetow\u0105, aplikacj\u0105 lub reklam\u0105<\/li><\/ul><\/p><p class=\"cmplz-subtitle\">Podstaw\u0105, na kt\u00f3rej mo\u017cemy przetwarza\u0107 te dane, jest:<\/p><p><a target=\"_blank\" rel=\"noopener noreferrer nofollow\" href=\"https:\/\/cookiedatabase.org\/legal-bases\/#consent\">Za zgod\u0105.<\/a><\/p><p class=\"cmplz-subtitle\">Okres przechowywania<\/p><p>Przechowujemy te dane po zako\u0144czeniu \u015bwiadczenia us\u0142ugi przez nast\u0119puj\u0105c\u0105 liczb\u0119 miesi\u0119cy: 36<\/p><\/details><h2>2. Udost\u0119pnianie innym stronom<\/h2><p>Udost\u0119pniamy lub ujawniamy te dane podmiotom przetwarzaj\u0105cym wy\u0142\u0105cznie w nast\u0119puj\u0105cych celach:<\/p><h2>3. Pliki cookies<\/h2><p>Nasza witryna wykorzystuje pliki cookies. Aby uzyska\u0107 wi\u0119cej informacji na temat plik\u00f3w cookies, zapoznaj si\u0119 z nasz\u0105 <a href=\"https:\/\/tech-automation.dk\/pl\/polityka-plikow-cookie-ue\/\">Cookie Policy<\/a>.&nbsp;<\/p><h2>4. Praktyki ujawniania informacji<\/h2><p><p>Udost\u0119pniamy dane osobowe, je\u017celi jeste\u015bmy zobowi\u0105zani przepisami prawa lub na mocy postanowienia s\u0105du, w odpowiedzi na wezwanie organu \u015bcigania, w zakresie dozwolonym na podstawie innych przepis\u00f3w prawa, w celu udzielenia informacji lub w celu przeprowadzenia post\u0119powania wyja\u015bniaj\u0105cego w sprawie zwi\u0105zanej z bezpiecze\u0144stwem publicznym.<\/p><p>Je\u017celi nasza strona internetowa lub organizacja zostanie przej\u0119ta, sprzedana lub zaanga\u017cowana w fuzj\u0119 lub przej\u0119cie, Twoje dane mog\u0105 zosta\u0107 ujawnione naszym doradcom i potencjalnym nabywcom oraz zostan\u0105 przekazane nowym w\u0142a\u015bcicielom.<\/p><\/p><p>Zawarli\u015bmy z Google umow\u0119 o przetwarzaniu danych.<\/p><p>Google nie mo\u017ce wykorzystywa\u0107 danych do \u017cadnych innych us\u0142ug Google.<\/p><p>W\u0142\u0105czanie pe\u0142nych adres\u00f3w IP jest przez nas blokowane.<\/p><h2>5. Bezpiecze\u0144stwo<\/h2><p>Dbamy o bezpiecze\u0144stwo danych osobowych. Podejmujemy odpowiednie \u015brodki bezpiecze\u0144stwa, aby ograniczy\u0107 nadu\u017cycia i nieuprawniony dost\u0119p do danych osobowych. Gwarantuje to, \u017ce tylko niezb\u0119dne osoby maj\u0105 dost\u0119p do twoich danych, dost\u0119p do danych jest chroniony, a nasze \u015brodki bezpiecze\u0144stwa s\u0105 regularnie sprawdzane.<\/p><h2>6. Witryny podmiot\u00f3w zewn\u0119trznych<\/h2><p>Niniejsze o\u015bwiadczenie o ochronie prywatno\u015bci nie ma zastosowania do stron internetowych os\u00f3b trzecich po\u0142\u0105czonych linkami na naszej stronie internetowej. Nie mo\u017cemy zagwarantowa\u0107, \u017ce te strony trzecie przetwarzaj\u0105 twoje dane osobowe w spos\u00f3b niezawodny lub bezpieczny. Zalecamy zapoznanie si\u0119 z o\u015bwiadczeniami o ochronie prywatno\u015bci tych witryn przed rozpocz\u0119ciem korzystania z nich.<\/p><h2>7. Zmiany niniejszego o\u015bwiadczenia o ochronie prywatno\u015bci<\/h2><p>Zastrzegamy sobie prawo do wprowadzania zmian w niniejszym o\u015bwiadczeniu o ochronie prywatno\u015bci. Zaleca si\u0119 regularne sprawdzanie niniejszego o\u015bwiadczenia o ochronie prywatno\u015bci, aby by\u0107 \u015bwiadomym wszelkich zmian. Ponadto b\u0119dziemy Ci\u0119 aktywnie informowa\u0107, gdy tylko b\u0119dzie to mo\u017cliwe.<\/p><h2>8. Dost\u0119p i modyfikowanie danych<\/h2><p>Je\u015bli masz jakiekolwiek pytania lub chcesz wiedzie\u0107, jakie dane osobowe posiadamy na tw\u00f3j temat, skontaktuj si\u0119 z nami. Mo\u017cesz skontaktowa\u0107 si\u0119 z nami, korzystaj\u0105c z poni\u017cszych informacji. Przys\u0142uguj\u0105 Ci nast\u0119puj\u0105ce prawa:<\/p><ul>\n                <li>Masz prawo wiedzie\u0107, dlaczego potrzebne s\u0105 twoje dane osobowe, co si\u0119 z nimi stanie i jak d\u0142ugo b\u0119d\u0105 przechowywane.<\/li>\n                <li>Prawo dost\u0119pu: Masz prawo dost\u0119pu do swoich danych osobowych, kt\u00f3re s\u0105 nam znane.<\/li>\n                <li>Prawo do sprostowania: masz prawo do uzupe\u0142niania, poprawiania, usuwania lub blokowania swoich danych osobowych w dowolnym momencie.<\/li>\n                <li>Je\u015bli wyrazisz zgod\u0119 na przetwarzanie twoich danych, przys\u0142uguje ci prawo do cofni\u0119cia tej zgody i usuni\u0119cia twoich danych osobowych.<\/li>\n                <li>Prawo do przenoszenia danych: masz prawo za\u017c\u0105da\u0107 wszystkich swoich danych osobowych od administratora i przenie\u015b\u0107 je w ca\u0142o\u015bci do innego administratora.<\/li>\n                <li>Prawo do sprzeciwu: mo\u017cesz sprzeciwi\u0107 si\u0119 przetwarzaniu twoich danych. Przestrzegamy tego, chyba \u017ce istniej\u0105 uzasadnione podstawy do przetwarzania.<\/li>\n            <\/ul><p>Upewnij si\u0119, \u017ce zawsze jasno okre\u015blasz, kim jeste\u015b, aby\u015bmy mieli pewno\u015b\u0107, \u017ce nie modyfikujemy ani nie usuwamy \u017cadnych danych niew\u0142a\u015bciwej osoby.<\/p><h2>9. Z\u0142o\u017cy\u0107 skarg\u0119<\/h2><p>Je\u017celi nie jeste\u015b zadowolony ze sposobu, w jaki obs\u0142ugujemy przetwarzanie twoich danych osobowych (skarga dotycz\u0105ca), przys\u0142uguje ci prawo wniesienia skargi do Urz\u0119du Ochrony Danych.<\/p><h2>10. Inspektor ochrony danych<\/h2><p>Our Data Protection Officer has been registered with the data protection authority in an EU Member State. If you have any questions or requests with respect to this privacy statement or for the Data Protection Officer, you may contact Kasper Juul, via  or kj@tech-automation.dk lub przez telefon +45 4236 6701<\/p><h2>11. Dane kontaktowe<\/h2><p>Tech-Automation<br \/>\n        Herredsvej 15, 8723 L\u00f8sning<br \/>\n        Dania<br \/>\n        Witryna:  <a href=\"https:\/\/tech-automation.dk\/pl\/\">https:\/\/tech-automation.dk\/pl\/<\/a> <br \/>\n        Email: <span class=\"cmplz-obfuscate\">Inf&#111;@<span class=\"cmplz-fmail-domain\">ex&#046;&#099;om<\/span>&#116;e&#099;&#104;&#045;a&#117;t&#111;&#109;a&#116;&#105;on.dk<\/span> <br \/>\n        Numer telefonu: +45 25 40 06 50<\/p><\/div>\n","protected":false},"excerpt":{"rendered":"","protected":false},"author":6,"featured_media":0,"parent":0,"menu_order":0,"comment_status":"closed","ping_status":"closed","template":"","meta":{"footnotes":""},"class_list":["post-4112","page","type-page","status-publish","hentry"],"_links":{"self":[{"href":"https:\/\/tech-automation.dk\/pl\/wp-json\/wp\/v2\/pages\/4112","targetHints":{"allow":["GET"]}}],"collection":[{"href":"https:\/\/tech-automation.dk\/pl\/wp-json\/wp\/v2\/pages"}],"about":[{"href":"https:\/\/tech-automation.dk\/pl\/wp-json\/wp\/v2\/types\/page"}],"author":[{"embeddable":true,"href":"https:\/\/tech-automation.dk\/pl\/wp-json\/wp\/v2\/users\/6"}],"replies":[{"embeddable":true,"href":"https:\/\/tech-automation.dk\/pl\/wp-json\/wp\/v2\/comments?post=4112"}],"version-history":[{"count":1,"href":"https:\/\/tech-automation.dk\/pl\/wp-json\/wp\/v2\/pages\/4112\/revisions"}],"predecessor-version":[{"id":4156,"href":"https:\/\/tech-automation.dk\/pl\/wp-json\/wp\/v2\/pages\/4112\/revisions\/4156"}],"wp:attachment":[{"href":"https:\/\/tech-automation.dk\/pl\/wp-json\/wp\/v2\/media?parent=4112"}],"curies":[{"name":"wp","href":"https:\/\/api.w.org\/{rel}","templated":true}]}}