{"id":4116,"date":"2022-01-15T08:29:20","date_gmt":"2022-01-15T07:29:20","guid":{"rendered":"https:\/\/tech-automation.dk\/strona-glowna\/"},"modified":"2026-03-24T09:12:50","modified_gmt":"2026-03-24T08:12:50","slug":"strona-glowna","status":"publish","type":"page","link":"https:\/\/tech-automation.dk\/pl\/","title":{"rendered":"Strona g\u0142\u00f3wna"},"content":{"rendered":"\t\t<div data-elementor-type=\"wp-page\" data-elementor-id=\"4116\" class=\"elementor elementor-4116 elementor-19\" data-elementor-post-type=\"page\">\n\t\t\t\t<div class=\"elementor-element elementor-element-1032b9d e-flex e-con-boxed e-con e-parent\" data-id=\"1032b9d\" data-element_type=\"container\" data-e-type=\"container\" data-settings=\"{&quot;background_background&quot;:&quot;classic&quot;,&quot;motion_fx_motion_fx_scrolling&quot;:&quot;yes&quot;,&quot;animation&quot;:&quot;none&quot;,&quot;motion_fx_devices&quot;:[&quot;desktop&quot;,&quot;tablet&quot;,&quot;mobile&quot;]}\">\n\t\t\t\t\t<div class=\"e-con-inner\">\n\t\t<div class=\"elementor-element elementor-element-6db6d7e e-con-full e-flex e-con e-child\" data-id=\"6db6d7e\" data-element_type=\"container\" data-e-type=\"container\">\n\t\t<div class=\"elementor-element elementor-element-7cefd40 e-con-full e-flex e-con e-child\" data-id=\"7cefd40\" data-element_type=\"container\" data-e-type=\"container\">\n\t\t<div class=\"elementor-element elementor-element-12f99a0 e-con-full e-flex e-con e-child\" data-id=\"12f99a0\" data-element_type=\"container\" data-e-type=\"container\">\n\t\t\t\t<div class=\"elementor-element elementor-element-d6c05d7 elementor-widget elementor-widget-text-editor\" data-id=\"d6c05d7\" data-element_type=\"widget\" data-e-type=\"widget\" data-widget_type=\"text-editor.default\">\n\t\t\t\t\t\t\t\t\t<p>Tw\u00f3j partner w automatyzacji<\/p>\t\t\t\t\t\t\t\t<\/div>\n\t\t\t\t<div class=\"elementor-element elementor-element-db494c3 elementor-widget elementor-widget-heading\" data-id=\"db494c3\" data-element_type=\"widget\" data-e-type=\"widget\" data-widget_type=\"heading.default\">\n\t\t\t\t\t<h1 class=\"elementor-heading-title elementor-size-default\">Zasilamy Tw\u00f3j projekt  <\/h1>\t\t\t\t<\/div>\n\t\t\t\t<div class=\"elementor-element elementor-element-3f049c6 elementor-invisible elementor-widget elementor-widget-text-editor\" data-id=\"3f049c6\" data-element_type=\"widget\" data-e-type=\"widget\" data-settings=\"{&quot;_animation&quot;:&quot;fadeInDown&quot;,&quot;_animation_delay&quot;:800}\" data-widget_type=\"text-editor.default\">\n\t\t\t\t\t\t\t\t\t<p>Tech Automation jest niezawodnym partnerem, gdy potrzebujesz zasili\u0107 swoje projekty. Oferujemy wszystko w zakresie in\u017cynierii, projektowania i produkcji paneli elektrycznych i rozwi\u0105za\u0144 automatyki, w tym niestandardowe rozwi\u0105zania zar\u00f3wno dla ma\u0142ych, jak i du\u017cych projekt\u00f3w. Niezale\u017cnie od tego, czy potrzebujesz doradztwa, rozwoju czy gotowej produkcji, upewniamy si\u0119, \u017ce dopasujemy Twoje ambicje do odpowiednich rozwi\u0105za\u0144, aby zapewni\u0107 sta\u0142\u0105 moc dla Twojego projektu.    <\/p>\t\t\t\t\t\t\t\t<\/div>\n\t\t\t\t<\/div>\n\t\t<div class=\"elementor-element elementor-element-1a828ff elementor-hidden-tablet elementor-hidden-mobile e-con-full e-flex e-con e-child\" data-id=\"1a828ff\" data-element_type=\"container\" data-e-type=\"container\">\n\t\t\t\t<div class=\"elementor-element elementor-element-fbd8a1b animated-slow elementor-hidden-mobile elementor-invisible elementor-widget elementor-widget-image\" data-id=\"fbd8a1b\" data-element_type=\"widget\" data-e-type=\"widget\" data-settings=\"{&quot;_animation&quot;:&quot;zoomIn&quot;,&quot;_animation_delay&quot;:500}\" data-widget_type=\"image.default\">\n\t\t\t\t\t\t\t\t\t\t\t\t\t\t\t<img fetchpriority=\"high\" decoding=\"async\" width=\"252\" height=\"252\" src=\"https:\/\/tech-automation.dk\/wp-content\/uploads\/2022\/05\/Tech_Automation-overst_venstre_.svg\" class=\"attachment-large size-large wp-image-3689\" alt=\"\" \/>\t\t\t\t\t\t\t\t\t\t\t\t\t\t\t<\/div>\n\t\t\t\t<div class=\"elementor-element elementor-element-7bd1b33 animated-slow elementor-invisible elementor-widget elementor-widget-image\" data-id=\"7bd1b33\" data-element_type=\"widget\" data-e-type=\"widget\" data-settings=\"{&quot;_animation&quot;:&quot;zoomIn&quot;,&quot;_animation_delay&quot;:1000}\" data-widget_type=\"image.default\">\n\t\t\t\t\t\t\t\t\t\t\t\t\t\t\t<img decoding=\"async\" width=\"252\" height=\"252\" src=\"https:\/\/tech-automation.dk\/wp-content\/uploads\/2022\/05\/Tech_Automation-nederst_venstre.svg\" class=\"attachment-large size-large wp-image-3687\" alt=\"\" \/>\t\t\t\t\t\t\t\t\t\t\t\t\t\t\t<\/div>\n\t\t\t\t<div class=\"elementor-element elementor-element-076ecd0 animated-slow elementor-invisible elementor-widget elementor-widget-image\" data-id=\"076ecd0\" data-element_type=\"widget\" data-e-type=\"widget\" data-settings=\"{&quot;_animation&quot;:&quot;zoomIn&quot;,&quot;_animation_delay&quot;:1500}\" data-widget_type=\"image.default\">\n\t\t\t\t\t\t\t\t\t\t\t\t\t\t\t<img decoding=\"async\" width=\"252\" height=\"252\" src=\"https:\/\/tech-automation.dk\/wp-content\/uploads\/2022\/05\/Tech_Automation-nederst_hojre-3.svg\" class=\"attachment-large size-large wp-image-3685\" alt=\"\" \/>\t\t\t\t\t\t\t\t\t\t\t\t\t\t\t<\/div>\n\t\t\t\t<div class=\"elementor-element elementor-element-178432d animated-slow elementor-invisible elementor-widget elementor-widget-image\" data-id=\"178432d\" data-element_type=\"widget\" data-e-type=\"widget\" data-settings=\"{&quot;_animation&quot;:&quot;bounceIn&quot;,&quot;_animation_delay&quot;:2000}\" data-widget_type=\"image.default\">\n\t\t\t\t\t\t\t\t\t\t\t\t\t\t\t<img loading=\"lazy\" decoding=\"async\" width=\"252\" height=\"252\" src=\"https:\/\/tech-automation.dk\/wp-content\/uploads\/2022\/05\/Tech_Automation-overst_hojre.svg\" class=\"attachment-large size-large wp-image-3683\" alt=\"\" \/>\t\t\t\t\t\t\t\t\t\t\t\t\t\t\t<\/div>\n\t\t\t\t<\/div>\n\t\t\t\t<\/div>\n\t\t<div class=\"elementor-element elementor-element-7a8af6d elementor-hidden-mobile e-flex e-con-boxed e-con e-child\" data-id=\"7a8af6d\" data-element_type=\"container\" data-e-type=\"container\">\n\t\t\t\t\t<div class=\"e-con-inner\">\n\t\t<div class=\"elementor-element elementor-element-c7cdf95 e-con-full e-flex e-con e-child\" data-id=\"c7cdf95\" data-element_type=\"container\" data-e-type=\"container\">\n\t\t\t\t<div class=\"elementor-element elementor-element-8995e8a animated-slow elementor-invisible elementor-widget elementor-widget-image\" data-id=\"8995e8a\" data-element_type=\"widget\" data-e-type=\"widget\" data-settings=\"{&quot;_animation&quot;:&quot;fadeIn&quot;,&quot;_animation_delay&quot;:500}\" data-widget_type=\"image.default\">\n\t\t\t\t\t\t\t\t\t\t\t\t\t\t\t\t<a href=\"https:\/\/tech-automation.dk\/pl\/szybka-sciezka\/\">\n\t\t\t\t\t\t\t<img loading=\"lazy\" decoding=\"async\" width=\"400\" height=\"400\" src=\"https:\/\/tech-automation.dk\/wp-content\/uploads\/2025\/07\/Automation_HERO.png\" class=\"attachment-large size-large wp-image-7905\" alt=\"\" srcset=\"https:\/\/tech-automation.dk\/wp-content\/uploads\/2025\/07\/Automation_HERO.png.webp 400w, https:\/\/tech-automation.dk\/wp-content\/uploads\/2025\/07\/Automation_HERO-300x300.png.webp 300w, https:\/\/tech-automation.dk\/wp-content\/uploads\/2025\/07\/Automation_HERO-150x150.png.webp 150w\" sizes=\"(max-width: 400px) 100vw, 400px\" \/>\t\t\t\t\t\t\t\t<\/a>\n\t\t\t\t\t\t\t\t\t\t\t\t\t\t\t<\/div>\n\t\t\t\t<div class=\"elementor-element elementor-element-0df3a64 animated-slow elementor-invisible elementor-widget elementor-widget-image\" data-id=\"0df3a64\" data-element_type=\"widget\" data-e-type=\"widget\" data-settings=\"{&quot;_animation&quot;:&quot;fadeIn&quot;,&quot;_animation_delay&quot;:200}\" data-widget_type=\"image.default\">\n\t\t\t\t\t\t\t\t\t\t\t\t\t\t\t\t<a href=\"https:\/\/tech-automation.dk\/pl\/plyty-efektow\/\">\n\t\t\t\t\t\t\t<img loading=\"lazy\" decoding=\"async\" width=\"400\" height=\"400\" src=\"https:\/\/tech-automation.dk\/wp-content\/uploads\/2025\/07\/Offshore_HERO.png\" class=\"attachment-large size-large wp-image-7902\" alt=\"\" srcset=\"https:\/\/tech-automation.dk\/wp-content\/uploads\/2025\/07\/Offshore_HERO.png.webp 400w, https:\/\/tech-automation.dk\/wp-content\/uploads\/2025\/07\/Offshore_HERO-300x300.png.webp 300w, https:\/\/tech-automation.dk\/wp-content\/uploads\/2025\/07\/Offshore_HERO-150x150.png.webp 150w\" sizes=\"(max-width: 400px) 100vw, 400px\" \/>\t\t\t\t\t\t\t\t<\/a>\n\t\t\t\t\t\t\t\t\t\t\t\t\t\t\t<\/div>\n\t\t\t\t<div class=\"elementor-element elementor-element-cf0d3b5 animated-slow elementor-invisible elementor-widget elementor-widget-image\" data-id=\"cf0d3b5\" data-element_type=\"widget\" data-e-type=\"widget\" data-settings=\"{&quot;_animation&quot;:&quot;fadeIn&quot;,&quot;_animation_delay&quot;:400}\" data-widget_type=\"image.default\">\n\t\t\t\t\t\t\t\t\t\t\t\t\t\t\t\t<a href=\"https:\/\/tech-automation.dk\/pl\/tablice-punktow-ladowania\/\">\n\t\t\t\t\t\t\t<img loading=\"lazy\" decoding=\"async\" width=\"400\" height=\"400\" src=\"https:\/\/tech-automation.dk\/wp-content\/uploads\/2025\/07\/Greenenergy_HERO.png\" class=\"attachment-large size-large wp-image-7899\" alt=\"\" srcset=\"https:\/\/tech-automation.dk\/wp-content\/uploads\/2025\/07\/Greenenergy_HERO.png.webp 400w, https:\/\/tech-automation.dk\/wp-content\/uploads\/2025\/07\/Greenenergy_HERO-300x300.png.webp 300w, https:\/\/tech-automation.dk\/wp-content\/uploads\/2025\/07\/Greenenergy_HERO-150x150.png.webp 150w\" sizes=\"(max-width: 400px) 100vw, 400px\" \/>\t\t\t\t\t\t\t\t<\/a>\n\t\t\t\t\t\t\t\t\t\t\t\t\t\t\t<\/div>\n\t\t\t\t<div class=\"elementor-element elementor-element-03f3ca2 animated-slow elementor-invisible elementor-widget elementor-widget-image\" data-id=\"03f3ca2\" data-element_type=\"widget\" data-e-type=\"widget\" data-settings=\"{&quot;_animation&quot;:&quot;fadeIn&quot;,&quot;_animation_delay&quot;:600}\" data-widget_type=\"image.default\">\n\t\t\t\t\t\t\t\t\t\t\t\t\t\t\t\t<a href=\"https:\/\/tech-automation.dk\/pl\/outsourcing-zasobow\/\">\n\t\t\t\t\t\t\t<img loading=\"lazy\" decoding=\"async\" width=\"400\" height=\"400\" src=\"https:\/\/tech-automation.dk\/wp-content\/uploads\/2025\/07\/Outsourcing_HERO.png\" class=\"attachment-large size-large wp-image-7896\" alt=\"\" srcset=\"https:\/\/tech-automation.dk\/wp-content\/uploads\/2025\/07\/Outsourcing_HERO.png.webp 400w, https:\/\/tech-automation.dk\/wp-content\/uploads\/2025\/07\/Outsourcing_HERO-300x300.png.webp 300w, https:\/\/tech-automation.dk\/wp-content\/uploads\/2025\/07\/Outsourcing_HERO-150x150.png.webp 150w\" sizes=\"(max-width: 400px) 100vw, 400px\" \/>\t\t\t\t\t\t\t\t<\/a>\n\t\t\t\t\t\t\t\t\t\t\t\t\t\t\t<\/div>\n\t\t\t\t<\/div>\n\t\t\t\t\t<\/div>\n\t\t\t\t<\/div>\n\t\t<div class=\"elementor-element elementor-element-9b29a04 e-con-full elementor-hidden-mobile e-flex e-con e-child\" data-id=\"9b29a04\" data-element_type=\"container\" data-e-type=\"container\">\n\t\t\t\t<div class=\"elementor-element elementor-element-9f24e00 animated-slow elementor-widget-tablet__width-initial elementor-invisible elementor-widget elementor-widget-image\" data-id=\"9f24e00\" data-element_type=\"widget\" data-e-type=\"widget\" data-settings=\"{&quot;_animation&quot;:&quot;fadeIn&quot;,&quot;_animation_delay&quot;:600}\" data-widget_type=\"image.default\">\n\t\t\t\t\t\t\t\t\t\t\t\t\t\t\t<img loading=\"lazy\" decoding=\"async\" width=\"800\" height=\"201\" src=\"https:\/\/tech-automation.dk\/wp-content\/uploads\/2025\/03\/Hvid_Bagg_cirkler-1024x257.png\" class=\"attachment-large size-large wp-image-6833\" alt=\"\" srcset=\"https:\/\/tech-automation.dk\/wp-content\/uploads\/2025\/03\/Hvid_Bagg_cirkler-1024x257.png.webp 1024w, https:\/\/tech-automation.dk\/wp-content\/uploads\/2025\/03\/Hvid_Bagg_cirkler-300x75.png.webp 300w, https:\/\/tech-automation.dk\/wp-content\/uploads\/2025\/03\/Hvid_Bagg_cirkler-768x193.png.webp 768w, https:\/\/tech-automation.dk\/wp-content\/uploads\/2025\/03\/Hvid_Bagg_cirkler.png.webp 1131w\" sizes=\"(max-width: 800px) 100vw, 800px\" \/>\t\t\t\t\t\t\t\t\t\t\t\t\t\t\t<\/div>\n\t\t\t\t<\/div>\n\t\t\t\t<\/div>\n\t\t\t\t\t<\/div>\n\t\t\t\t<\/div>\n\t\t<div class=\"elementor-element elementor-element-45dde05 e-flex e-con-boxed e-con e-parent\" data-id=\"45dde05\" data-element_type=\"container\" data-e-type=\"container\" data-settings=\"{&quot;background_background&quot;:&quot;classic&quot;}\">\n\t\t\t\t\t<div class=\"e-con-inner\">\n\t\t\t\t<div class=\"elementor-element elementor-element-f7c6f0c elementor-invisible elementor-widget elementor-widget-heading\" data-id=\"f7c6f0c\" data-element_type=\"widget\" data-e-type=\"widget\" data-settings=\"{&quot;_animation&quot;:&quot;fadeInUp&quot;}\" data-widget_type=\"heading.default\">\n\t\t\t\t\t<h2 class=\"elementor-heading-title elementor-size-default\">Doradztwo i projektowanie w celu zapewnienia wydajnego dzia\u0142ania projektu<\/h2>\t\t\t\t<\/div>\n\t\t\t\t<div class=\"elementor-element elementor-element-e35bd79 elementor-invisible elementor-widget elementor-widget-text-editor\" data-id=\"e35bd79\" data-element_type=\"widget\" data-e-type=\"widget\" data-settings=\"{&quot;_animation&quot;:&quot;fadeInUp&quot;,&quot;_animation_delay&quot;:3}\" data-widget_type=\"text-editor.default\">\n\t\t\t\t\t\t\t\t\t<p>Dla nas najwa\u017cniejsze jest to, \u017ce tworzymy warto\u015b\u0107 dla Twojej firmy. Dlatego podejmujemy si\u0119 projekt\u00f3w tylko wtedy, gdy jeste\u015bmy pewni, \u017ce mamy odpowiedni\u0105 wiedz\u0119, aby rozwi\u0105za\u0107 je skutecznie i profesjonalnie. Projektujemy, budujemy i doradzamy w zakresie niestandardowych <g id=\"gid_0\">paneli<\/g> elektrycznych i <g id=\"gid_1\">rozwi\u0105za\u0144 automatyki<\/g>, kt\u00f3re zapewniaj\u0105 stabiln\u0105 i wydajn\u0105 prac\u0119 elektryczn\u0105 w Twoim projekcie. Aby zapewni\u0107 najlepszy przegl\u0105d i optymalne rozwi\u0105zanie, zawsze wykonujemy <strong>rysunki 3D<\/strong> naszych <strong>paneli sterowania<\/strong>, aby\u015b m\u00f3g\u0142 zwizualizowa\u0107 i zatwierdzi\u0107 rozwi\u0105zanie przed przyst\u0105pieniem do produkcji.   <\/p><p>Dzi\u0119ki w\u0142asnym biurom i zak\u0142adom produkcyjnym w <strong>Danii<\/strong> i <strong>Polsce<\/strong>, a tak\u017ce dedykowanemu dzia\u0142owi serwisowemu, jeste\u015bmy gotowi wspiera\u0107 klient\u00f3w w ca\u0142ym procesie &#8211; od projektowania i produkcji <strong>paneli<\/strong> elektrycznych po wdra\u017canie zaawansowanych <strong>system\u00f3w automatyki<\/strong>. Nasz zesp\u00f3\u0142 \u015bci\u015ble wsp\u00f3\u0142pracuje z klientami w celu opracowania rozwi\u0105za\u0144, kt\u00f3re dok\u0142adnie odpowiadaj\u0105 ich potrzebom i zapewniaj\u0105 nieprzerwan\u0105 prac\u0119 system\u00f3w elektrycznych i automatyki. <\/p><p><strong>Skontaktuj si\u0119 z nami ju\u017c dzi\u015b, aby odby\u0107 niezobowi\u0105zuj\u0105c\u0105 rozmow\u0119 i wsp\u00f3lnie znale\u017a\u0107 rozwi\u0105zanie.<\/strong><\/p>\t\t\t\t\t\t\t\t<\/div>\n\t\t\t\t\t<\/div>\n\t\t\t\t<\/div>\n\t\t<div class=\"elementor-element elementor-element-3bd4f7d e-flex e-con-boxed e-con e-parent\" data-id=\"3bd4f7d\" data-element_type=\"container\" data-e-type=\"container\" data-settings=\"{&quot;background_background&quot;:&quot;classic&quot;}\">\n\t\t\t\t\t<div class=\"e-con-inner\">\n\t\t<div class=\"elementor-element elementor-element-95a18c6 e-con-full e-flex e-con e-child\" data-id=\"95a18c6\" data-element_type=\"container\" data-e-type=\"container\">\n\t\t\t\t<div class=\"elementor-element elementor-element-410c07d elementor-invisible elementor-widget elementor-widget-text-editor\" data-id=\"410c07d\" data-element_type=\"widget\" data-e-type=\"widget\" data-settings=\"{&quot;_animation&quot;:&quot;fadeInUp&quot;}\" data-widget_type=\"text-editor.default\">\n\t\t\t\t\t\t\t\t\t<p>O TECH AUTOMATION<\/p>\t\t\t\t\t\t\t\t<\/div>\n\t\t\t\t<div class=\"elementor-element elementor-element-63bb536 elementor-invisible elementor-widget elementor-widget-heading\" data-id=\"63bb536\" data-element_type=\"widget\" data-e-type=\"widget\" data-settings=\"{&quot;_animation&quot;:&quot;fadeInUp&quot;,&quot;_animation_delay&quot;:2}\" data-widget_type=\"heading.default\">\n\t\t\t\t\t<h2 class=\"elementor-heading-title elementor-size-default\">Zindywidualizowane rozdzielnice i rozwi\u0105zania automatyzacji<\/h2>\t\t\t\t<\/div>\n\t\t\t\t<div class=\"elementor-element elementor-element-6df38a9 elementor-invisible elementor-widget elementor-widget-text-editor\" data-id=\"6df38a9\" data-element_type=\"widget\" data-e-type=\"widget\" data-settings=\"{&quot;_animation&quot;:&quot;fadeInUp&quot;,&quot;_animation_delay&quot;:3}\" data-widget_type=\"text-editor.default\">\n\t\t\t\t\t\t\t\t\t<p><span style=\"color: var( --e-global-color-c0e5f7c ); background-color: var( --e-global-color-accent ); font-size: 1rem;\">Oferujemy niestandardowe panele elektryczne i zaawansowane rozwi\u0105zania automatyzacji zaprojektowane w celu optymalizacji operacji biznesowych. Nasze rozwi\u0105zania s\u0105 tworzone z my\u015bl\u0105 o niezawodno\u015bci, wydajno\u015bci i przysz\u0142o\u015bci, dzi\u0119ki czemu mo\u017cna zmaksymalizowa\u0107 produktywno\u015b\u0107 i zminimalizowa\u0107 przestoje. Dzi\u0119ki naszej wiedzy i \u015bcis\u0142ej wsp\u00f3\u0142pracy tworzymy rozwi\u0105zania, kt\u00f3re idealnie pasuj\u0105 do Twoich potrzeb i wyzwa\u0144. Niezale\u017cnie od tego, czy potrzebujesz automatyzacji proces\u00f3w produkcyjnych, czy niestandardowych paneli elektrycznych, jeste\u015bmy gotowi pom\u00f3c Ci przenie\u015b\u0107 Twoj\u0105 firm\u0119 na wy\u017cszy poziom.   <\/span><\/p>\t\t\t\t\t\t\t\t<\/div>\n\t\t\t\t<div class=\"elementor-element elementor-element-cbdaa18 elementor-align-center elementor-mobile-align-center elementor-invisible elementor-widget elementor-widget-button\" data-id=\"cbdaa18\" data-element_type=\"widget\" data-e-type=\"widget\" data-settings=\"{&quot;_animation&quot;:&quot;fadeInUp&quot;,&quot;_animation_delay&quot;:4}\" data-widget_type=\"button.default\">\n\t\t\t\t\t\t\t\t\t\t<a class=\"elementor-button elementor-button-link elementor-size-md\" href=\"https:\/\/tech-automation.dk\/pl\/o-techautomation\/\">\n\t\t\t\t\t\t<span class=\"elementor-button-content-wrapper\">\n\t\t\t\t\t\t<span class=\"elementor-button-icon\">\n\t\t\t\t<svg aria-hidden=\"true\" class=\"e-font-icon-svg e-fas-angle-double-right\" viewBox=\"0 0 448 512\" xmlns=\"http:\/\/www.w3.org\/2000\/svg\"><path d=\"M224.3 273l-136 136c-9.4 9.4-24.6 9.4-33.9 0l-22.6-22.6c-9.4-9.4-9.4-24.6 0-33.9l96.4-96.4-96.4-96.4c-9.4-9.4-9.4-24.6 0-33.9L54.3 103c9.4-9.4 24.6-9.4 33.9 0l136 136c9.5 9.4 9.5 24.6.1 34zm192-34l-136-136c-9.4-9.4-24.6-9.4-33.9 0l-22.6 22.6c-9.4 9.4-9.4 24.6 0 33.9l96.4 96.4-96.4 96.4c-9.4 9.4-9.4 24.6 0 33.9l22.6 22.6c9.4 9.4 24.6 9.4 33.9 0l136-136c9.4-9.2 9.4-24.4 0-33.8z\"><\/path><\/svg>\t\t\t<\/span>\n\t\t\t\t\t\t\t\t\t<span class=\"elementor-button-text\">CZYTAJ WI\u0118CEJ<\/span>\n\t\t\t\t\t<\/span>\n\t\t\t\t\t<\/a>\n\t\t\t\t\t\t\t\t<\/div>\n\t\t\t\t<\/div>\n\t\t\t\t\t<\/div>\n\t\t\t\t<\/div>\n\t\t\t\t<\/div>\n\t\t","protected":false},"excerpt":{"rendered":"<p>Tw\u00f3j partner w automatyzacji Zasilamy Tw\u00f3j projekt Tech Automation jest niezawodnym partnerem, gdy potrzebujesz zasili\u0107 swoje projekty. Oferujemy wszystko w zakresie in\u017cynierii, projektowania i produkcji paneli elektrycznych i rozwi\u0105za\u0144 automatyki, w tym niestandardowe rozwi\u0105zania zar\u00f3wno dla ma\u0142ych, jak i du\u017cych projekt\u00f3w. Niezale\u017cnie od tego, czy potrzebujesz doradztwa, rozwoju czy gotowej produkcji, upewniamy si\u0119, \u017ce dopasujemy [&hellip;]<\/p>\n","protected":false},"author":6,"featured_media":0,"parent":0,"menu_order":0,"comment_status":"closed","ping_status":"closed","template":"","meta":{"footnotes":""},"class_list":["post-4116","page","type-page","status-publish","hentry"],"_links":{"self":[{"href":"https:\/\/tech-automation.dk\/pl\/wp-json\/wp\/v2\/pages\/4116","targetHints":{"allow":["GET"]}}],"collection":[{"href":"https:\/\/tech-automation.dk\/pl\/wp-json\/wp\/v2\/pages"}],"about":[{"href":"https:\/\/tech-automation.dk\/pl\/wp-json\/wp\/v2\/types\/page"}],"author":[{"embeddable":true,"href":"https:\/\/tech-automation.dk\/pl\/wp-json\/wp\/v2\/users\/6"}],"replies":[{"embeddable":true,"href":"https:\/\/tech-automation.dk\/pl\/wp-json\/wp\/v2\/comments?post=4116"}],"version-history":[{"count":22,"href":"https:\/\/tech-automation.dk\/pl\/wp-json\/wp\/v2\/pages\/4116\/revisions"}],"predecessor-version":[{"id":8944,"href":"https:\/\/tech-automation.dk\/pl\/wp-json\/wp\/v2\/pages\/4116\/revisions\/8944"}],"wp:attachment":[{"href":"https:\/\/tech-automation.dk\/pl\/wp-json\/wp\/v2\/media?parent=4116"}],"curies":[{"name":"wp","href":"https:\/\/api.w.org\/{rel}","templated":true}]}}