{"id":4160,"date":"2023-12-28T14:40:21","date_gmt":"2023-12-28T13:40:21","guid":{"rendered":"https:\/\/tech-automation.dk\/projekt-elektryczny\/"},"modified":"2026-03-24T15:39:13","modified_gmt":"2026-03-24T14:39:13","slug":"projekt-elektryczny","status":"publish","type":"page","link":"https:\/\/tech-automation.dk\/pl\/projekt-elektryczny\/","title":{"rendered":"Projekt elektryczny"},"content":{"rendered":"\t\t<div data-elementor-type=\"wp-page\" data-elementor-id=\"4160\" class=\"elementor elementor-4160 elementor-2366\" data-elementor-post-type=\"page\">\n\t\t\t\t<div class=\"elementor-element elementor-element-e2e0410 e-flex e-con-boxed e-con e-parent\" data-id=\"e2e0410\" data-element_type=\"container\" data-e-type=\"container\" data-settings=\"{&quot;background_background&quot;:&quot;gradient&quot;,&quot;motion_fx_motion_fx_scrolling&quot;:&quot;yes&quot;,&quot;animation&quot;:&quot;none&quot;,&quot;motion_fx_devices&quot;:[&quot;desktop&quot;,&quot;tablet&quot;,&quot;mobile&quot;]}\">\n\t\t\t\t\t<div class=\"e-con-inner\">\n\t\t<div class=\"elementor-element elementor-element-7dfc2e8 e-flex e-con-boxed e-con e-child\" data-id=\"7dfc2e8\" data-element_type=\"container\" data-e-type=\"container\">\n\t\t\t\t\t<div class=\"e-con-inner\">\n\t\t<div class=\"elementor-element elementor-element-e08995b e-con-full e-flex e-con e-child\" data-id=\"e08995b\" data-element_type=\"container\" data-e-type=\"container\">\n\t\t\t\t<div class=\"elementor-element elementor-element-30b15d1 elementor-invisible elementor-widget elementor-widget-heading\" data-id=\"30b15d1\" data-element_type=\"widget\" data-e-type=\"widget\" data-settings=\"{&quot;_animation&quot;:&quot;fadeInDown&quot;,&quot;_animation_delay&quot;:500}\" data-widget_type=\"heading.default\">\n\t\t\t\t\t<h1 class=\"elementor-heading-title elementor-size-default\">Projektowanie i programowanie elektryczne<\/h1>\t\t\t\t<\/div>\n\t\t\t\t<div class=\"elementor-element elementor-element-2b59808 elementor-widget elementor-widget-text-editor\" data-id=\"2b59808\" data-element_type=\"widget\" data-e-type=\"widget\" data-widget_type=\"text-editor.default\">\n\t\t\t\t\t\t\t\t\t<p>Niezale\u017cnie od wyzwania, jeste\u015bmy tutaj, aby zapewni\u0107 fachow\u0105 porad\u0119. Poniewa\u017c u nas zadanie zawsze zaczyna si\u0119 od dialogu. Po okre\u015bleniu zadania &#8211; przez nas lub innych &#8211; jeste\u015bmy gotowi zaprojektowa\u0107 i opracowa\u0107 najbardziej efektywne rozwi\u0105zanie.<\/p>\t\t\t\t\t\t\t\t<\/div>\n\t\t\t\t<div class=\"elementor-element elementor-element-a9e3698 elementor-invisible elementor-widget elementor-widget-text-editor\" data-id=\"a9e3698\" data-element_type=\"widget\" data-e-type=\"widget\" data-settings=\"{&quot;_animation&quot;:&quot;fadeInDown&quot;,&quot;_animation_delay&quot;:800}\" data-widget_type=\"text-editor.default\">\n\t\t\t\t\t\t\t\t\t<p>Jeste\u015bmy dedykowanym zespo\u0142em do\u015bwiadczonych projektant\u00f3w elektrycznych i programist\u00f3w zar\u00f3wno w Danii, jak i w Polsce, co pozwala nam czerpa\u0107 z rozleg\u0142ej wiedzy i do\u015bwiadczenia, aby zawsze znale\u017a\u0107 optymalne rozwi\u0105zanie dla Twojego projektu.<\/p>\t\t\t\t\t\t\t\t<\/div>\n\t\t\t\t<\/div>\n\t\t<div class=\"elementor-element elementor-element-a9b9fa8 e-con-full e-flex e-con e-child\" data-id=\"a9b9fa8\" data-element_type=\"container\" data-e-type=\"container\">\n\t\t\t\t<div class=\"elementor-element elementor-element-c30ceb3 elementor-widget elementor-widget-image\" data-id=\"c30ceb3\" data-element_type=\"widget\" data-e-type=\"widget\" data-widget_type=\"image.default\">\n\t\t\t\t\t\t\t\t\t\t\t\t\t\t\t<img fetchpriority=\"high\" decoding=\"async\" width=\"473\" height=\"473\" src=\"https:\/\/tech-automation.dk\/wp-content\/uploads\/2025\/07\/Design_Sub.png\" class=\"attachment-large size-large wp-image-7929\" alt=\"\" srcset=\"https:\/\/tech-automation.dk\/wp-content\/uploads\/2025\/07\/Design_Sub.png.webp 473w, https:\/\/tech-automation.dk\/wp-content\/uploads\/2025\/07\/Design_Sub-300x300.png.webp 300w, https:\/\/tech-automation.dk\/wp-content\/uploads\/2025\/07\/Design_Sub-150x150.png.webp 150w\" sizes=\"(max-width: 473px) 100vw, 473px\" \/>\t\t\t\t\t\t\t\t\t\t\t\t\t\t\t<\/div>\n\t\t\t\t<\/div>\n\t\t\t\t\t<\/div>\n\t\t\t\t<\/div>\n\t\t<div class=\"elementor-element elementor-element-35c92ac elementor-hidden-mobile e-flex e-con-boxed e-con e-child\" data-id=\"35c92ac\" data-element_type=\"container\" data-e-type=\"container\">\n\t\t\t\t\t<div class=\"e-con-inner\">\n\t\t\t\t<div class=\"elementor-element elementor-element-adf077b elementor-align-center elementor-mobile-align-center elementor-widget-mobile__width-inherit elementor-invisible elementor-widget elementor-widget-button\" data-id=\"adf077b\" data-element_type=\"widget\" data-e-type=\"widget\" data-settings=\"{&quot;_animation&quot;:&quot;fadeInUp&quot;,&quot;_animation_delay&quot;:4}\" data-widget_type=\"button.default\">\n\t\t\t\t\t\t\t\t\t\t<a class=\"elementor-button elementor-button-link elementor-size-md\" href=\"https:\/\/tech-automation.dk\/pl\/programowanie\/\">\n\t\t\t\t\t\t<span class=\"elementor-button-content-wrapper\">\n\t\t\t\t\t\t<span class=\"elementor-button-icon\">\n\t\t\t\t<svg aria-hidden=\"true\" class=\"e-font-icon-svg e-fas-angle-double-right\" viewBox=\"0 0 448 512\" xmlns=\"http:\/\/www.w3.org\/2000\/svg\"><path d=\"M224.3 273l-136 136c-9.4 9.4-24.6 9.4-33.9 0l-22.6-22.6c-9.4-9.4-9.4-24.6 0-33.9l96.4-96.4-96.4-96.4c-9.4-9.4-9.4-24.6 0-33.9L54.3 103c9.4-9.4 24.6-9.4 33.9 0l136 136c9.5 9.4 9.5 24.6.1 34zm192-34l-136-136c-9.4-9.4-24.6-9.4-33.9 0l-22.6 22.6c-9.4 9.4-9.4 24.6 0 33.9l96.4 96.4-96.4 96.4c-9.4 9.4-9.4 24.6 0 33.9l22.6 22.6c9.4 9.4 24.6 9.4 33.9 0l136-136c9.4-9.2 9.4-24.4 0-33.8z\"><\/path><\/svg>\t\t\t<\/span>\n\t\t\t\t\t\t\t\t\t<span class=\"elementor-button-text\">ROZW\u00d3J<\/span>\n\t\t\t\t\t<\/span>\n\t\t\t\t\t<\/a>\n\t\t\t\t\t\t\t\t<\/div>\n\t\t\t\t<div class=\"elementor-element elementor-element-df2ebb3 elementor-align-center elementor-mobile-align-center elementor-widget-mobile__width-inherit elementor-invisible elementor-widget elementor-widget-button\" data-id=\"df2ebb3\" data-element_type=\"widget\" data-e-type=\"widget\" data-settings=\"{&quot;_animation&quot;:&quot;fadeInUp&quot;,&quot;_animation_delay&quot;:4}\" data-widget_type=\"button.default\">\n\t\t\t\t\t\t\t\t\t\t<a class=\"elementor-button elementor-size-md\" role=\"button\">\n\t\t\t\t\t\t<span class=\"elementor-button-content-wrapper\">\n\t\t\t\t\t\t<span class=\"elementor-button-icon\">\n\t\t\t\t<svg aria-hidden=\"true\" class=\"e-font-icon-svg e-fas-angle-double-right\" viewBox=\"0 0 448 512\" xmlns=\"http:\/\/www.w3.org\/2000\/svg\"><path d=\"M224.3 273l-136 136c-9.4 9.4-24.6 9.4-33.9 0l-22.6-22.6c-9.4-9.4-9.4-24.6 0-33.9l96.4-96.4-96.4-96.4c-9.4-9.4-9.4-24.6 0-33.9L54.3 103c9.4-9.4 24.6-9.4 33.9 0l136 136c9.5 9.4 9.5 24.6.1 34zm192-34l-136-136c-9.4-9.4-24.6-9.4-33.9 0l-22.6 22.6c-9.4 9.4-9.4 24.6 0 33.9l96.4 96.4-96.4 96.4c-9.4 9.4-9.4 24.6 0 33.9l22.6 22.6c9.4 9.4 24.6 9.4 33.9 0l136-136c9.4-9.2 9.4-24.4 0-33.8z\"><\/path><\/svg>\t\t\t<\/span>\n\t\t\t\t\t\t\t\t\t<span class=\"elementor-button-text\">DESIGN<\/span>\n\t\t\t\t\t<\/span>\n\t\t\t\t\t<\/a>\n\t\t\t\t\t\t\t\t<\/div>\n\t\t\t\t<div class=\"elementor-element elementor-element-5a3273d elementor-align-center elementor-mobile-align-center elementor-widget-mobile__width-inherit elementor-invisible elementor-widget elementor-widget-button\" data-id=\"5a3273d\" data-element_type=\"widget\" data-e-type=\"widget\" data-settings=\"{&quot;_animation&quot;:&quot;fadeInUp&quot;,&quot;_animation_delay&quot;:4}\" data-widget_type=\"button.default\">\n\t\t\t\t\t\t\t\t\t\t<a class=\"elementor-button elementor-button-link elementor-size-md\" href=\"https:\/\/tech-automation.dk\/pl\/produkcja\/\">\n\t\t\t\t\t\t<span class=\"elementor-button-content-wrapper\">\n\t\t\t\t\t\t<span class=\"elementor-button-icon\">\n\t\t\t\t<svg aria-hidden=\"true\" class=\"e-font-icon-svg e-fas-angle-double-right\" viewBox=\"0 0 448 512\" xmlns=\"http:\/\/www.w3.org\/2000\/svg\"><path d=\"M224.3 273l-136 136c-9.4 9.4-24.6 9.4-33.9 0l-22.6-22.6c-9.4-9.4-9.4-24.6 0-33.9l96.4-96.4-96.4-96.4c-9.4-9.4-9.4-24.6 0-33.9L54.3 103c9.4-9.4 24.6-9.4 33.9 0l136 136c9.5 9.4 9.5 24.6.1 34zm192-34l-136-136c-9.4-9.4-24.6-9.4-33.9 0l-22.6 22.6c-9.4 9.4-9.4 24.6 0 33.9l96.4 96.4-96.4 96.4c-9.4 9.4-9.4 24.6 0 33.9l22.6 22.6c9.4 9.4 24.6 9.4 33.9 0l136-136c9.4-9.2 9.4-24.4 0-33.8z\"><\/path><\/svg>\t\t\t<\/span>\n\t\t\t\t\t\t\t\t\t<span class=\"elementor-button-text\">PRODUKCJA<\/span>\n\t\t\t\t\t<\/span>\n\t\t\t\t\t<\/a>\n\t\t\t\t\t\t\t\t<\/div>\n\t\t\t\t<div class=\"elementor-element elementor-element-26e3185 elementor-align-center elementor-mobile-align-center elementor-widget-mobile__width-inherit elementor-invisible elementor-widget elementor-widget-button\" data-id=\"26e3185\" data-element_type=\"widget\" data-e-type=\"widget\" data-settings=\"{&quot;_animation&quot;:&quot;fadeInUp&quot;,&quot;_animation_delay&quot;:4}\" data-widget_type=\"button.default\">\n\t\t\t\t\t\t\t\t\t\t<a class=\"elementor-button elementor-button-link elementor-size-md\" href=\"https:\/\/tech-automation.dk\/pl\/zarzadzanie-projektami\/\">\n\t\t\t\t\t\t<span class=\"elementor-button-content-wrapper\">\n\t\t\t\t\t\t<span class=\"elementor-button-icon\">\n\t\t\t\t<svg aria-hidden=\"true\" class=\"e-font-icon-svg e-fas-angle-double-right\" viewBox=\"0 0 448 512\" xmlns=\"http:\/\/www.w3.org\/2000\/svg\"><path d=\"M224.3 273l-136 136c-9.4 9.4-24.6 9.4-33.9 0l-22.6-22.6c-9.4-9.4-9.4-24.6 0-33.9l96.4-96.4-96.4-96.4c-9.4-9.4-9.4-24.6 0-33.9L54.3 103c9.4-9.4 24.6-9.4 33.9 0l136 136c9.5 9.4 9.5 24.6.1 34zm192-34l-136-136c-9.4-9.4-24.6-9.4-33.9 0l-22.6 22.6c-9.4 9.4-9.4 24.6 0 33.9l96.4 96.4-96.4 96.4c-9.4 9.4-9.4 24.6 0 33.9l22.6 22.6c9.4 9.4 24.6 9.4 33.9 0l136-136c9.4-9.2 9.4-24.4 0-33.8z\"><\/path><\/svg>\t\t\t<\/span>\n\t\t\t\t\t\t\t\t\t<span class=\"elementor-button-text\">SERWIS<\/span>\n\t\t\t\t\t<\/span>\n\t\t\t\t\t<\/a>\n\t\t\t\t\t\t\t\t<\/div>\n\t\t\t\t\t<\/div>\n\t\t\t\t<\/div>\n\t\t\t\t\t<\/div>\n\t\t\t\t<\/div>\n\t\t<div class=\"elementor-element elementor-element-bc90321 e-flex e-con-boxed e-con e-parent\" data-id=\"bc90321\" data-element_type=\"container\" data-e-type=\"container\" data-settings=\"{&quot;background_background&quot;:&quot;classic&quot;}\">\n\t\t\t\t\t<div class=\"e-con-inner\">\n\t\t\t\t<div class=\"elementor-element elementor-element-ab199b5 elementor-widget elementor-widget-text-editor\" data-id=\"ab199b5\" data-element_type=\"widget\" data-e-type=\"widget\" data-widget_type=\"text-editor.default\">\n\t\t\t\t\t\t\t\t\t<h5>Nasze podej\u015bcie charakteryzuje si\u0119 zdolno\u015bci\u0105 do kreatywnego i nieszablonowego my\u015blenia.<\/h5><p>Podejmujemy z\u0142o\u017cone wyzwania i postrzegamy je jako okazj\u0119 do stworzenia czego\u015b wyj\u0105tkowego. Koncentrujemy si\u0119 na tworzeniu rozwi\u0105za\u0144 elektrotechnicznych, kt\u00f3re s\u0105 nie tylko wydajne i niezawodne, ale tak\u017ce zoptymalizowane.<\/p><p>Niezale\u017cnie od tego, czy jeste\u015bmy zaanga\u017cowani w ca\u0142y proces od pocz\u0105tku do ko\u0144ca, czy te\u017c otrzymujemy sfinalizowany brief, nasz cel jest zawsze taki sam: \u015bci\u015ble wsp\u00f3\u0142pracowa\u0107 z naszymi klientami, aby zrozumie\u0107 ich potrzeby i dostosowa\u0107 nasze rozwi\u0105zania, aby zawsze dostarcza\u0107 rozwi\u0105zania elektrotechniczne, kt\u00f3re przekraczaj\u0105 oczekiwania.<\/p><p>Skupienie si\u0119 na byciu silnym i kompetentnym sparingpartnerem podkre\u015bla nasze pragnienie bycia kim\u015b wi\u0119cej ni\u017c tylko dostawc\u0105. Staramy si\u0119 by\u0107 Twoim partnerem, pomagaj\u0105c wsp\u00f3lnie rozwi\u0105zywa\u0107 wyzwania i tworzy\u0107 prze\u0142omowe rozwi\u0105zania.<\/p><p><strong>Pracujmy razem, aby zidentyfikowa\u0107 i wdro\u017cy\u0107 optymalne rozwi\u0105zania, kt\u00f3re o\u017cywi\u0105 Tw\u00f3j projekt.<\/strong><\/p>\t\t\t\t\t\t\t\t<\/div>\n\t\t\t\t\t<\/div>\n\t\t\t\t<\/div>\n\t\t<div class=\"elementor-element elementor-element-89e471e e-flex e-con-boxed e-con e-parent\" data-id=\"89e471e\" data-element_type=\"container\" data-e-type=\"container\" data-settings=\"{&quot;background_background&quot;:&quot;classic&quot;}\">\n\t\t\t\t\t<div class=\"e-con-inner\">\n\t\t<div class=\"elementor-element elementor-element-886d0d2 e-con-full e-flex e-con e-child\" data-id=\"886d0d2\" data-element_type=\"container\" data-e-type=\"container\" data-settings=\"{&quot;background_background&quot;:&quot;classic&quot;}\">\n\t\t<div class=\"elementor-element elementor-element-6e5712f e-flex e-con-boxed e-con e-child\" data-id=\"6e5712f\" data-element_type=\"container\" data-e-type=\"container\" data-settings=\"{&quot;background_background&quot;:&quot;classic&quot;}\">\n\t\t\t\t\t<div class=\"e-con-inner\">\n\t\t\t\t<div class=\"elementor-element elementor-element-1914b65 elementor-widget elementor-widget-heading\" data-id=\"1914b65\" data-element_type=\"widget\" data-e-type=\"widget\" data-widget_type=\"heading.default\">\n\t\t\t\t\t<h3 class=\"elementor-heading-title elementor-size-default\">Projektowanie i rozw\u00f3j\n<\/h3>\t\t\t\t<\/div>\n\t\t\t\t<div class=\"elementor-element elementor-element-6a53d45 elementor-widget elementor-widget-image\" data-id=\"6a53d45\" data-element_type=\"widget\" data-e-type=\"widget\" data-widget_type=\"image.default\">\n\t\t\t\t\t\t\t\t\t\t\t\t\t\t\t<img decoding=\"async\" width=\"543\" height=\"800\" src=\"https:\/\/tech-automation.dk\/wp-content\/uploads\/2024\/01\/3D_tavler_ETC1_3.5_Samkopi_TEST_2000px_loop_800.png\" class=\"attachment-large size-large wp-image-3859\" alt=\"\" srcset=\"https:\/\/tech-automation.dk\/wp-content\/uploads\/2024\/01\/3D_tavler_ETC1_3.5_Samkopi_TEST_2000px_loop_800.png.webp 543w, https:\/\/tech-automation.dk\/wp-content\/uploads\/2024\/01\/3D_tavler_ETC1_3.5_Samkopi_TEST_2000px_loop_800-204x300.png.webp 204w\" sizes=\"(max-width: 543px) 100vw, 543px\" \/>\t\t\t\t\t\t\t\t\t\t\t\t\t\t\t<\/div>\n\t\t\t\t<div class=\"elementor-element elementor-element-8a61039 elementor-widget elementor-widget-text-editor\" data-id=\"8a61039\" data-element_type=\"widget\" data-e-type=\"widget\" data-widget_type=\"text-editor.default\">\n\t\t\t\t\t\t\t\t\t<p>Projektujemy i rozwijamy wszystkie nasze kontrolery w 3D, co pozwala nam tworzy\u0107 precyzyjne i szczeg\u00f3\u0142owe modele. To innowacyjne podej\u015bcie nie tylko poprawia dok\u0142adno\u015b\u0107 naszych projekt\u00f3w, ale tak\u017ce usprawnia ca\u0142y proces produkcji. Rezultatem s\u0105 niezawodne, dobrze wykonane rozwi\u0105zania, kt\u00f3re spe\u0142niaj\u0105 Twoje wymagania.  <\/p><p>Skontaktuj si\u0119 z nami ju\u017c dzi\u015b, aby dowiedzie\u0107 si\u0119 wi\u0119cej o naszych zaawansowanych metodach projektowania i niestandardowych rozwi\u0105zaniach sterowania!<\/p>\t\t\t\t\t\t\t\t<\/div>\n\t\t\t\t\t<\/div>\n\t\t\t\t<\/div>\n\t\t\t\t<\/div>\n\t\t<div class=\"elementor-element elementor-element-831614e e-con-full e-flex e-con e-child\" data-id=\"831614e\" data-element_type=\"container\" data-e-type=\"container\" data-settings=\"{&quot;background_background&quot;:&quot;classic&quot;}\">\n\t\t<div class=\"elementor-element elementor-element-c753f05 e-flex e-con-boxed e-con e-child\" data-id=\"c753f05\" data-element_type=\"container\" data-e-type=\"container\" data-settings=\"{&quot;background_background&quot;:&quot;classic&quot;}\">\n\t\t\t\t\t<div class=\"e-con-inner\">\n\t\t\t\t<div class=\"elementor-element elementor-element-7b9cd1d elementor-widget elementor-widget-heading\" data-id=\"7b9cd1d\" data-element_type=\"widget\" data-e-type=\"widget\" data-widget_type=\"heading.default\">\n\t\t\t\t\t<h3 class=\"elementor-heading-title elementor-size-default\">Nasze tablice produkujemy zar\u00f3wno w Danii, jak i w Polsce\n<\/h3>\t\t\t\t<\/div>\n\t\t\t\t<div class=\"elementor-element elementor-element-7fc8c10 elementor-widget elementor-widget-text-editor\" data-id=\"7fc8c10\" data-element_type=\"widget\" data-e-type=\"widget\" data-widget_type=\"text-editor.default\">\n\t\t\t\t\t\t\t\t\t<p>Nasz oddany zesp\u00f3\u0142 zar\u00f3wno w Danii, jak i w Polsce \u015bci\u015ble ze sob\u0105 wsp\u00f3\u0142pracuje, aby zapewni\u0107, \u017ce ka\u017cda pojedyncza p\u0142yta spe\u0142nia nasze wysokie standardy jako\u015bci i funkcjonalno\u015bci. Jeste\u015bmy dumni z naszej szerokiej wsp\u00f3\u0142pracy i zaanga\u017cowania w dostarczanie produkt\u00f3w, kt\u00f3re spe\u0142niaj\u0105 Twoje potrzeby i oczekiwania. <\/p><p>Niezale\u017cnie od tego, czy szukasz niezawodno\u015bci, innowacyjno\u015bci czy najwy\u017cszej wydajno\u015bci, mo\u017cesz nam zaufa\u0107, \u017ce dostarczymy rozwi\u0105zania najwy\u017cszej jako\u015bci.<\/p><p>Skontaktuj si\u0119 z nami ju\u017c dzi\u015b, aby dowiedzie\u0107 si\u0119 wi\u0119cej o naszych produktach i us\u0142ugach!<\/p>\t\t\t\t\t\t\t\t<\/div>\n\t\t\t\t\t<\/div>\n\t\t\t\t<\/div>\n\t\t<div class=\"elementor-element elementor-element-ffb4eb5 e-con-full e-flex e-con e-child\" data-id=\"ffb4eb5\" data-element_type=\"container\" data-e-type=\"container\" data-settings=\"{&quot;background_background&quot;:&quot;classic&quot;}\">\n\t\t<div class=\"elementor-element elementor-element-32c38c5 e-flex e-con-boxed e-con e-child\" data-id=\"32c38c5\" data-element_type=\"container\" data-e-type=\"container\">\n\t\t\t\t\t<div class=\"e-con-inner\">\n\t\t\t\t<div class=\"elementor-element elementor-element-d704d5b elementor-widget elementor-widget-heading\" data-id=\"d704d5b\" data-element_type=\"widget\" data-e-type=\"widget\" data-widget_type=\"heading.default\">\n\t\t\t\t\t<h2 class=\"elementor-heading-title elementor-size-default\">Skontaktuj si\u0119 z nami<\/h2>\t\t\t\t<\/div>\n\t\t\t\t<div class=\"elementor-element elementor-element-9a3e3db elementor-widget elementor-widget-text-editor\" data-id=\"9a3e3db\" data-element_type=\"widget\" data-e-type=\"widget\" data-widget_type=\"text-editor.default\">\n\t\t\t\t\t\t\t\t\t<p><strong>Jesper Juul<\/strong><\/p><p><br><br>D<b>yrektor i wsp\u00f3\u0142w\u0142a\u015bciciel<\/b> Mail:<a href=\"mailto:jj@tech-automation.dk\">jj@tech-automation.dk<\/a> Mobile<a href=\"tel:+4525400651\">+45 2540 0651<\/a><\/p>\t\t\t\t\t\t\t\t<\/div>\n\t\t\t\t\t<\/div>\n\t\t\t\t<\/div>\n\t\t<div class=\"elementor-element elementor-element-8db16c4 e-flex e-con-boxed e-con e-child\" data-id=\"8db16c4\" data-element_type=\"container\" data-e-type=\"container\">\n\t\t\t\t\t<div class=\"e-con-inner\">\n\t\t\t\t<div class=\"elementor-element elementor-element-a31b4fa elementor-widget elementor-widget-image\" data-id=\"a31b4fa\" data-element_type=\"widget\" data-e-type=\"widget\" data-widget_type=\"image.default\">\n\t\t\t\t\t\t\t\t\t\t\t\t\t\t\t<img decoding=\"async\" width=\"800\" height=\"800\" src=\"https:\/\/tech-automation.dk\/wp-content\/uploads\/2024\/01\/Jesper_kontakt.png\" class=\"attachment-large size-large wp-image-3861\" alt=\"\" srcset=\"https:\/\/tech-automation.dk\/wp-content\/uploads\/2024\/01\/Jesper_kontakt.png.webp 889w, https:\/\/tech-automation.dk\/wp-content\/uploads\/2024\/01\/Jesper_kontakt-300x300.png.webp 300w, https:\/\/tech-automation.dk\/wp-content\/uploads\/2024\/01\/Jesper_kontakt-150x150.png.webp 150w, https:\/\/tech-automation.dk\/wp-content\/uploads\/2024\/01\/Jesper_kontakt-768x768.png.webp 768w\" sizes=\"(max-width: 800px) 100vw, 800px\" \/>\t\t\t\t\t\t\t\t\t\t\t\t\t\t\t<\/div>\n\t\t\t\t\t<\/div>\n\t\t\t\t<\/div>\n\t\t\t\t<\/div>\n\t\t\t\t<\/div>\n\t\t\t\t\t<\/div>\n\t\t\t\t<\/div>\n\t\t<div class=\"elementor-element elementor-element-8af2a50 e-flex e-con-boxed e-con e-parent\" data-id=\"8af2a50\" data-element_type=\"container\" data-e-type=\"container\" data-settings=\"{&quot;background_background&quot;:&quot;classic&quot;}\">\n\t\t\t\t\t<div class=\"e-con-inner\">\n\t\t<div class=\"elementor-element elementor-element-a002ee6 e-flex e-con-boxed e-con e-child\" data-id=\"a002ee6\" data-element_type=\"container\" data-e-type=\"container\" data-settings=\"{&quot;background_background&quot;:&quot;classic&quot;}\">\n\t\t\t\t\t<div class=\"e-con-inner\">\n\t\t<div class=\"elementor-element elementor-element-c5a5d1d e-con-full e-flex e-con e-child\" data-id=\"c5a5d1d\" data-element_type=\"container\" data-e-type=\"container\">\n\t\t\t\t<div class=\"elementor-element elementor-element-6f3573a elementor-widget elementor-widget-heading\" data-id=\"6f3573a\" data-element_type=\"widget\" data-e-type=\"widget\" data-widget_type=\"heading.default\">\n\t\t\t\t\t<h3 class=\"elementor-heading-title elementor-size-default\">Jeste\u015bmy certyfikowanym domem E-plan\n<\/h3>\t\t\t\t<\/div>\n\t\t\t\t<div class=\"elementor-element elementor-element-e2abf7a elementor-widget elementor-widget-text-editor\" data-id=\"e2abf7a\" data-element_type=\"widget\" data-e-type=\"widget\" data-widget_type=\"text-editor.default\">\n\t\t\t\t\t\t\t\t\t<p>Optymalizujemy ten proces dzi\u0119ki E-plan &#8211; systemowi do efektywnego planowania, rozwoju i projektowania.<\/p>\t\t\t\t\t\t\t\t<\/div>\n\t\t\t\t<\/div>\n\t\t<div class=\"elementor-element elementor-element-b94ddb4 e-flex e-con-boxed e-con e-child\" data-id=\"b94ddb4\" data-element_type=\"container\" data-e-type=\"container\">\n\t\t\t\t\t<div class=\"e-con-inner\">\n\t\t\t\t<div class=\"elementor-element elementor-element-fa2108a elementor-widget__width-initial elementor-widget elementor-widget-image\" data-id=\"fa2108a\" data-element_type=\"widget\" data-e-type=\"widget\" data-widget_type=\"image.default\">\n\t\t\t\t\t\t\t\t\t\t\t\t\t\t\t<img loading=\"lazy\" decoding=\"async\" width=\"400\" height=\"424\" src=\"https:\/\/tech-automation.dk\/wp-content\/uploads\/2024\/01\/ECE_Plakette_2022_2025.png\" class=\"attachment-large size-large wp-image-3865\" alt=\"\" srcset=\"https:\/\/tech-automation.dk\/wp-content\/uploads\/2024\/01\/ECE_Plakette_2022_2025.png.webp 400w, https:\/\/tech-automation.dk\/wp-content\/uploads\/2024\/01\/ECE_Plakette_2022_2025-283x300.png.webp 283w\" sizes=\"(max-width: 400px) 100vw, 400px\" \/>\t\t\t\t\t\t\t\t\t\t\t\t\t\t\t<\/div>\n\t\t\t\t\t<\/div>\n\t\t\t\t<\/div>\n\t\t\t\t\t<\/div>\n\t\t\t\t<\/div>\n\t\t\t\t\t<\/div>\n\t\t\t\t<\/div>\n\t\t\t\t<\/div>\n\t\t","protected":false},"excerpt":{"rendered":"<p>Projektowanie i programowanie elektryczne Niezale\u017cnie od wyzwania, jeste\u015bmy tutaj, aby zapewni\u0107 fachow\u0105 porad\u0119. Poniewa\u017c u nas zadanie zawsze zaczyna si\u0119 od dialogu. Po okre\u015bleniu zadania &#8211; przez nas lub innych &#8211; jeste\u015bmy gotowi zaprojektowa\u0107 i opracowa\u0107 najbardziej efektywne rozwi\u0105zanie. Jeste\u015bmy dedykowanym zespo\u0142em do\u015bwiadczonych projektant\u00f3w elektrycznych i programist\u00f3w zar\u00f3wno w Danii, jak i w Polsce, co [&hellip;]<\/p>\n","protected":false},"author":4,"featured_media":0,"parent":0,"menu_order":0,"comment_status":"closed","ping_status":"closed","template":"","meta":{"footnotes":""},"class_list":["post-4160","page","type-page","status-publish","hentry"],"_links":{"self":[{"href":"https:\/\/tech-automation.dk\/pl\/wp-json\/wp\/v2\/pages\/4160","targetHints":{"allow":["GET"]}}],"collection":[{"href":"https:\/\/tech-automation.dk\/pl\/wp-json\/wp\/v2\/pages"}],"about":[{"href":"https:\/\/tech-automation.dk\/pl\/wp-json\/wp\/v2\/types\/page"}],"author":[{"embeddable":true,"href":"https:\/\/tech-automation.dk\/pl\/wp-json\/wp\/v2\/users\/4"}],"replies":[{"embeddable":true,"href":"https:\/\/tech-automation.dk\/pl\/wp-json\/wp\/v2\/comments?post=4160"}],"version-history":[{"count":12,"href":"https:\/\/tech-automation.dk\/pl\/wp-json\/wp\/v2\/pages\/4160\/revisions"}],"predecessor-version":[{"id":9351,"href":"https:\/\/tech-automation.dk\/pl\/wp-json\/wp\/v2\/pages\/4160\/revisions\/9351"}],"wp:attachment":[{"href":"https:\/\/tech-automation.dk\/pl\/wp-json\/wp\/v2\/media?parent=4160"}],"curies":[{"name":"wp","href":"https:\/\/api.w.org\/{rel}","templated":true}]}}