{"id":4188,"date":"2024-02-14T13:23:05","date_gmt":"2024-02-14T12:23:05","guid":{"rendered":"https:\/\/tech-automation.dk\/zarzadzanie-projektami\/"},"modified":"2026-03-24T15:40:53","modified_gmt":"2026-03-24T14:40:53","slug":"zarzadzanie-projektami","status":"publish","type":"page","link":"https:\/\/tech-automation.dk\/pl\/zarzadzanie-projektami\/","title":{"rendered":"Us\u0142uga"},"content":{"rendered":"\t\t<div data-elementor-type=\"wp-page\" data-elementor-id=\"4188\" class=\"elementor elementor-4188 elementor-3244\" data-elementor-post-type=\"page\">\n\t\t\t\t<div class=\"elementor-element elementor-element-e2e0410 e-flex e-con-boxed e-con e-parent\" data-id=\"e2e0410\" data-element_type=\"container\" data-e-type=\"container\" data-settings=\"{&quot;background_background&quot;:&quot;gradient&quot;,&quot;motion_fx_motion_fx_scrolling&quot;:&quot;yes&quot;,&quot;animation&quot;:&quot;none&quot;,&quot;motion_fx_devices&quot;:[&quot;desktop&quot;,&quot;tablet&quot;,&quot;mobile&quot;]}\">\n\t\t\t\t\t<div class=\"e-con-inner\">\n\t\t<div class=\"elementor-element elementor-element-7dfc2e8 e-flex e-con-boxed e-con e-child\" data-id=\"7dfc2e8\" data-element_type=\"container\" data-e-type=\"container\">\n\t\t\t\t\t<div class=\"e-con-inner\">\n\t\t<div class=\"elementor-element elementor-element-e08995b e-con-full e-flex e-con e-child\" data-id=\"e08995b\" data-element_type=\"container\" data-e-type=\"container\">\n\t\t\t\t<div class=\"elementor-element elementor-element-30b15d1 elementor-invisible elementor-widget elementor-widget-heading\" data-id=\"30b15d1\" data-element_type=\"widget\" data-e-type=\"widget\" data-settings=\"{&quot;_animation&quot;:&quot;fadeInDown&quot;,&quot;_animation_delay&quot;:500}\" data-widget_type=\"heading.default\">\n\t\t\t\t\t<h1 class=\"elementor-heading-title elementor-size-default\">Us\u0142uga<\/h1>\t\t\t\t<\/div>\n\t\t\t\t<div class=\"elementor-element elementor-element-2b59808 elementor-widget elementor-widget-text-editor\" data-id=\"2b59808\" data-element_type=\"widget\" data-e-type=\"widget\" data-widget_type=\"text-editor.default\">\n\t\t\t\t\t\t\t\t\t<p><strong>Jeste\u015bmy Twoim partnerem &#8222;pod klucz&#8221;.  <\/strong><strong>Mo\u017cemy wesprze\u0107 Ci\u0119 od koncepcji do gotowego projektu i p\u00f3\u017aniejszej obs\u0142ugi<\/strong><\/p>\t\t\t\t\t\t\t\t<\/div>\n\t\t\t\t<div class=\"elementor-element elementor-element-7c73f90 elementor-widget elementor-widget-text-editor\" data-id=\"7c73f90\" data-element_type=\"widget\" data-e-type=\"widget\" data-widget_type=\"text-editor.default\">\n\t\t\t\t\t\t\t\t\t<p>Jako partner &#8222;pod klucz&#8221; bierzemy odpowiedzialno\u015b\u0107 za ca\u0142y proces &#8211; od pocz\u0105tkowego pomys\u0142u do gotowego, dzia\u0142aj\u0105cego systemu. Oferujemy kompleksowe rozwi\u0105zania zapewniaj\u0105ce sprawn\u0105 i wydajn\u0105 realizacj\u0119 projektu.<\/p>\t\t\t\t\t\t\t\t<\/div>\n\t\t\t\t<\/div>\n\t\t<div class=\"elementor-element elementor-element-a9b9fa8 e-con-full e-flex e-con e-child\" data-id=\"a9b9fa8\" data-element_type=\"container\" data-e-type=\"container\">\n\t\t\t\t<div class=\"elementor-element elementor-element-c30ceb3 elementor-widget elementor-widget-image\" data-id=\"c30ceb3\" data-element_type=\"widget\" data-e-type=\"widget\" data-widget_type=\"image.default\">\n\t\t\t\t\t\t\t\t\t\t\t\t\t\t\t<img fetchpriority=\"high\" decoding=\"async\" width=\"473\" height=\"473\" src=\"https:\/\/tech-automation.dk\/wp-content\/uploads\/2025\/07\/Service_Sub.png\" class=\"attachment-large size-large wp-image-7941\" alt=\"\" srcset=\"https:\/\/tech-automation.dk\/wp-content\/uploads\/2025\/07\/Service_Sub.png.webp 473w, https:\/\/tech-automation.dk\/wp-content\/uploads\/2025\/07\/Service_Sub-300x300.png.webp 300w, https:\/\/tech-automation.dk\/wp-content\/uploads\/2025\/07\/Service_Sub-150x150.png.webp 150w\" sizes=\"(max-width: 473px) 100vw, 473px\" \/>\t\t\t\t\t\t\t\t\t\t\t\t\t\t\t<\/div>\n\t\t\t\t<\/div>\n\t\t\t\t\t<\/div>\n\t\t\t\t<\/div>\n\t\t<div class=\"elementor-element elementor-element-35c92ac e-flex e-con-boxed e-con e-child\" data-id=\"35c92ac\" data-element_type=\"container\" data-e-type=\"container\">\n\t\t\t\t\t<div class=\"e-con-inner\">\n\t\t\t\t<div class=\"elementor-element elementor-element-adf077b elementor-align-center elementor-mobile-align-center elementor-widget-mobile__width-inherit elementor-invisible elementor-widget elementor-widget-button\" data-id=\"adf077b\" data-element_type=\"widget\" data-e-type=\"widget\" data-settings=\"{&quot;_animation&quot;:&quot;fadeInUp&quot;,&quot;_animation_delay&quot;:4}\" data-widget_type=\"button.default\">\n\t\t\t\t\t\t\t\t\t\t<a class=\"elementor-button elementor-button-link elementor-size-md\" href=\"https:\/\/tech-automation.dk\/pl\/programowanie\/\">\n\t\t\t\t\t\t<span class=\"elementor-button-content-wrapper\">\n\t\t\t\t\t\t<span class=\"elementor-button-icon\">\n\t\t\t\t<svg aria-hidden=\"true\" class=\"e-font-icon-svg e-fas-angle-double-right\" viewBox=\"0 0 448 512\" xmlns=\"http:\/\/www.w3.org\/2000\/svg\"><path d=\"M224.3 273l-136 136c-9.4 9.4-24.6 9.4-33.9 0l-22.6-22.6c-9.4-9.4-9.4-24.6 0-33.9l96.4-96.4-96.4-96.4c-9.4-9.4-9.4-24.6 0-33.9L54.3 103c9.4-9.4 24.6-9.4 33.9 0l136 136c9.5 9.4 9.5 24.6.1 34zm192-34l-136-136c-9.4-9.4-24.6-9.4-33.9 0l-22.6 22.6c-9.4 9.4-9.4 24.6 0 33.9l96.4 96.4-96.4 96.4c-9.4 9.4-9.4 24.6 0 33.9l22.6 22.6c9.4 9.4 24.6 9.4 33.9 0l136-136c9.4-9.2 9.4-24.4 0-33.8z\"><\/path><\/svg>\t\t\t<\/span>\n\t\t\t\t\t\t\t\t\t<span class=\"elementor-button-text\">ROZW\u00d3J<\/span>\n\t\t\t\t\t<\/span>\n\t\t\t\t\t<\/a>\n\t\t\t\t\t\t\t\t<\/div>\n\t\t\t\t<div class=\"elementor-element elementor-element-26e3185 elementor-align-center elementor-mobile-align-center elementor-widget-mobile__width-inherit elementor-invisible elementor-widget elementor-widget-button\" data-id=\"26e3185\" data-element_type=\"widget\" data-e-type=\"widget\" data-settings=\"{&quot;_animation&quot;:&quot;fadeInUp&quot;,&quot;_animation_delay&quot;:4}\" data-widget_type=\"button.default\">\n\t\t\t\t\t\t\t\t\t\t<a class=\"elementor-button elementor-button-link elementor-size-md\" href=\"https:\/\/tech-automation.dk\/pl\/projekt-elektryczny\/\">\n\t\t\t\t\t\t<span class=\"elementor-button-content-wrapper\">\n\t\t\t\t\t\t<span class=\"elementor-button-icon\">\n\t\t\t\t<svg aria-hidden=\"true\" class=\"e-font-icon-svg e-fas-angle-double-right\" viewBox=\"0 0 448 512\" xmlns=\"http:\/\/www.w3.org\/2000\/svg\"><path d=\"M224.3 273l-136 136c-9.4 9.4-24.6 9.4-33.9 0l-22.6-22.6c-9.4-9.4-9.4-24.6 0-33.9l96.4-96.4-96.4-96.4c-9.4-9.4-9.4-24.6 0-33.9L54.3 103c9.4-9.4 24.6-9.4 33.9 0l136 136c9.5 9.4 9.5 24.6.1 34zm192-34l-136-136c-9.4-9.4-24.6-9.4-33.9 0l-22.6 22.6c-9.4 9.4-9.4 24.6 0 33.9l96.4 96.4-96.4 96.4c-9.4 9.4-9.4 24.6 0 33.9l22.6 22.6c9.4 9.4 24.6 9.4 33.9 0l136-136c9.4-9.2 9.4-24.4 0-33.8z\"><\/path><\/svg>\t\t\t<\/span>\n\t\t\t\t\t\t\t\t\t<span class=\"elementor-button-text\">DESIGN<\/span>\n\t\t\t\t\t<\/span>\n\t\t\t\t\t<\/a>\n\t\t\t\t\t\t\t\t<\/div>\n\t\t\t\t<div class=\"elementor-element elementor-element-5a3273d elementor-align-center elementor-mobile-align-center elementor-widget-mobile__width-inherit elementor-invisible elementor-widget elementor-widget-button\" data-id=\"5a3273d\" data-element_type=\"widget\" data-e-type=\"widget\" data-settings=\"{&quot;_animation&quot;:&quot;fadeInUp&quot;,&quot;_animation_delay&quot;:4}\" data-widget_type=\"button.default\">\n\t\t\t\t\t\t\t\t\t\t<a class=\"elementor-button elementor-button-link elementor-size-md\" href=\"https:\/\/tech-automation.dk\/pl\/produkcja\/\">\n\t\t\t\t\t\t<span class=\"elementor-button-content-wrapper\">\n\t\t\t\t\t\t<span class=\"elementor-button-icon\">\n\t\t\t\t<svg aria-hidden=\"true\" class=\"e-font-icon-svg e-fas-angle-double-right\" viewBox=\"0 0 448 512\" xmlns=\"http:\/\/www.w3.org\/2000\/svg\"><path d=\"M224.3 273l-136 136c-9.4 9.4-24.6 9.4-33.9 0l-22.6-22.6c-9.4-9.4-9.4-24.6 0-33.9l96.4-96.4-96.4-96.4c-9.4-9.4-9.4-24.6 0-33.9L54.3 103c9.4-9.4 24.6-9.4 33.9 0l136 136c9.5 9.4 9.5 24.6.1 34zm192-34l-136-136c-9.4-9.4-24.6-9.4-33.9 0l-22.6 22.6c-9.4 9.4-9.4 24.6 0 33.9l96.4 96.4-96.4 96.4c-9.4 9.4-9.4 24.6 0 33.9l22.6 22.6c9.4 9.4 24.6 9.4 33.9 0l136-136c9.4-9.2 9.4-24.4 0-33.8z\"><\/path><\/svg>\t\t\t<\/span>\n\t\t\t\t\t\t\t\t\t<span class=\"elementor-button-text\">PRODUKCJA<\/span>\n\t\t\t\t\t<\/span>\n\t\t\t\t\t<\/a>\n\t\t\t\t\t\t\t\t<\/div>\n\t\t\t\t<div class=\"elementor-element elementor-element-df2ebb3 elementor-align-center elementor-mobile-align-center elementor-widget-mobile__width-inherit elementor-invisible elementor-widget elementor-widget-button\" data-id=\"df2ebb3\" data-element_type=\"widget\" data-e-type=\"widget\" data-settings=\"{&quot;_animation&quot;:&quot;fadeInUp&quot;,&quot;_animation_delay&quot;:4}\" data-widget_type=\"button.default\">\n\t\t\t\t\t\t\t\t\t\t<a class=\"elementor-button elementor-size-md\" role=\"button\">\n\t\t\t\t\t\t<span class=\"elementor-button-content-wrapper\">\n\t\t\t\t\t\t<span class=\"elementor-button-icon\">\n\t\t\t\t<svg aria-hidden=\"true\" class=\"e-font-icon-svg e-fas-angle-double-right\" viewBox=\"0 0 448 512\" xmlns=\"http:\/\/www.w3.org\/2000\/svg\"><path d=\"M224.3 273l-136 136c-9.4 9.4-24.6 9.4-33.9 0l-22.6-22.6c-9.4-9.4-9.4-24.6 0-33.9l96.4-96.4-96.4-96.4c-9.4-9.4-9.4-24.6 0-33.9L54.3 103c9.4-9.4 24.6-9.4 33.9 0l136 136c9.5 9.4 9.5 24.6.1 34zm192-34l-136-136c-9.4-9.4-24.6-9.4-33.9 0l-22.6 22.6c-9.4 9.4-9.4 24.6 0 33.9l96.4 96.4-96.4 96.4c-9.4 9.4-9.4 24.6 0 33.9l22.6 22.6c9.4 9.4 24.6 9.4 33.9 0l136-136c9.4-9.2 9.4-24.4 0-33.8z\"><\/path><\/svg>\t\t\t<\/span>\n\t\t\t\t\t\t\t\t\t<span class=\"elementor-button-text\">SERWIS<\/span>\n\t\t\t\t\t<\/span>\n\t\t\t\t\t<\/a>\n\t\t\t\t\t\t\t\t<\/div>\n\t\t\t\t\t<\/div>\n\t\t\t\t<\/div>\n\t\t\t\t\t<\/div>\n\t\t\t\t<\/div>\n\t\t<div class=\"elementor-element elementor-element-bc90321 e-flex e-con-boxed e-con e-parent\" data-id=\"bc90321\" data-element_type=\"container\" data-e-type=\"container\" data-settings=\"{&quot;background_background&quot;:&quot;classic&quot;}\">\n\t\t\t\t\t<div class=\"e-con-inner\">\n\t\t<div class=\"elementor-element elementor-element-0077d37 e-flex e-con-boxed e-con e-child\" data-id=\"0077d37\" data-element_type=\"container\" data-e-type=\"container\" data-settings=\"{&quot;background_background&quot;:&quot;classic&quot;}\">\n\t\t\t\t\t<div class=\"e-con-inner\">\n\t\t\t\t<div class=\"elementor-element elementor-element-6de6da8 elementor-widget__width-inherit elementor-widget elementor-widget-text-editor\" data-id=\"6de6da8\" data-element_type=\"widget\" data-e-type=\"widget\" data-widget_type=\"text-editor.default\">\n\t\t\t\t\t\t\t\t\t<h5>Zrozumienie potrzeb klienta<\/h5><p>Naszym pierwszym krokiem jest zawsze zrozumienie unikalnych potrzeb i wyzwa\u0144 naszych klient\u00f3w. Obejmuje to dog\u0142\u0119bne konsultacje, podczas kt\u00f3rych s\u0142uchamy i poznajemy Twoj\u0105 firm\u0119, Twoje cele i oczekiwania dotycz\u0105ce projektu.<\/p><h5>Wsp\u00f3\u0142praca interdyscyplinarna<\/h5><p>Dzi\u0119ki specjalistom w dziedzinie tablic rozdzielczych, rozwoju oprogramowania i robotyki zapewniamy, \u017ce wszystkie aspekty projektu s\u0105 obs\u0142ugiwane przez ekspert\u00f3w. Ta interdyscyplinarna wsp\u00f3\u0142praca jest kluczem do opracowania innowacyjnych i skutecznych rozwi\u0105za\u0144.<\/p><h5>Elastyczno\u015b\u0107 i <strong>skalowalno\u015b\u0107<\/strong><\/h5><p>Zdajemy sobie spraw\u0119, \u017ce potrzeby biznesowe mog\u0105 si\u0119 szybko zmienia\u0107. Nasz zesp\u00f3\u0142 ds. zarz\u0105dzania projektami jest przygotowany do obs\u0142ugi tych zmian, zapewnienia elastyczno\u015bci w planowaniu projekt\u00f3w i dostosowywania rozwi\u0105za\u0144 w razie potrzeby.<\/p><h5>Globalny zasi\u0119g z lokalnym do\u015bwiadczeniem<\/h5><p>Dzi\u0119ki biurom i zak\u0142adom produkcyjnym w Danii i Polsce \u0142\u0105czymy globalny zasi\u0119g z lokalnym do\u015bwiadczeniem. Dzi\u0119ki temu mo\u017cemy zapewni\u0107 zar\u00f3wno mi\u0119dzynarodow\u0105 wizj\u0119, jak i lokalne zrozumienie.<\/p><h5>P\u00f3\u017aniejsze wsparcie<\/h5><p>Nasze zaanga\u017cowanie nie ko\u0144czy si\u0119 na dostarczeniu rozwi\u0105zania. Nasz wewn\u0119trzny dzia\u0142 serwisowy jest gotowy zapewni\u0107 wsparcie i konserwacj\u0119, zapewniaj\u0105c d\u0142ug\u0105 \u017cywotno\u015b\u0107 i wysok\u0105 wydajno\u015b\u0107 rozwi\u0105zania.<\/p><p><strong>Niezale\u017cnie od tego, czy stoisz przed konkretnym wyzwaniem, czy po prostu chcesz pozna\u0107 mo\u017cliwo\u015bci automatyzacji, Tech Automation jest tutaj, aby Ci pom\u00f3c. Skontaktuj si\u0119 z nami ju\u017c dzi\u015b i zr\u00f3bmy pierwszy krok w kierunku wykorzystania pe\u0142nego potencja\u0142u Twojego projektu.<\/strong><\/p>\t\t\t\t\t\t\t\t<\/div>\n\t\t\t\t\t<\/div>\n\t\t\t\t<\/div>\n\t\t\t\t\t<\/div>\n\t\t\t\t<\/div>\n\t\t<div class=\"elementor-element elementor-element-89e471e e-flex e-con-boxed e-con e-parent\" data-id=\"89e471e\" data-element_type=\"container\" data-e-type=\"container\" data-settings=\"{&quot;background_background&quot;:&quot;classic&quot;}\">\n\t\t\t\t\t<div class=\"e-con-inner\">\n\t\t<div class=\"elementor-element elementor-element-886d0d2 e-con-full e-flex e-con e-child\" data-id=\"886d0d2\" data-element_type=\"container\" data-e-type=\"container\" data-settings=\"{&quot;background_background&quot;:&quot;classic&quot;}\">\n\t\t<div class=\"elementor-element elementor-element-6e5712f e-flex e-con-boxed e-con e-child\" data-id=\"6e5712f\" data-element_type=\"container\" data-e-type=\"container\" data-settings=\"{&quot;background_background&quot;:&quot;classic&quot;}\">\n\t\t\t\t\t<div class=\"e-con-inner\">\n\t\t\t\t<div class=\"elementor-element elementor-element-1914b65 elementor-widget elementor-widget-heading\" data-id=\"1914b65\" data-element_type=\"widget\" data-e-type=\"widget\" data-widget_type=\"heading.default\">\n\t\t\t\t\t<h3 class=\"elementor-heading-title elementor-size-default\">Uruchomienie i obs\u0142uga<\/h3>\t\t\t\t<\/div>\n\t\t\t\t<div class=\"elementor-element elementor-element-6a53d45 elementor-widget elementor-widget-image\" data-id=\"6a53d45\" data-element_type=\"widget\" data-e-type=\"widget\" data-widget_type=\"image.default\">\n\t\t\t\t\t\t\t\t\t\t\t\t\t\t\t<img decoding=\"async\" width=\"800\" height=\"392\" src=\"https:\/\/tech-automation.dk\/wp-content\/uploads\/2025\/07\/shutterstock_2414478045-1024x502.jpg\" class=\"attachment-large size-large wp-image-7645\" alt=\"\" srcset=\"https:\/\/tech-automation.dk\/wp-content\/uploads\/2025\/07\/shutterstock_2414478045-1024x502.jpg.webp 1024w, https:\/\/tech-automation.dk\/wp-content\/uploads\/2025\/07\/shutterstock_2414478045-300x147.jpg.webp 300w, https:\/\/tech-automation.dk\/wp-content\/uploads\/2025\/07\/shutterstock_2414478045-768x377.jpg.webp 768w, https:\/\/tech-automation.dk\/wp-content\/uploads\/2025\/07\/shutterstock_2414478045-1536x753.jpg.webp 1536w, https:\/\/tech-automation.dk\/wp-content\/uploads\/2025\/07\/shutterstock_2414478045-2048x1005.jpg.webp 2048w\" sizes=\"(max-width: 800px) 100vw, 800px\" \/>\t\t\t\t\t\t\t\t\t\t\t\t\t\t\t<\/div>\n\t\t\t\t<div class=\"elementor-element elementor-element-8a61039 elementor-widget elementor-widget-text-editor\" data-id=\"8a61039\" data-element_type=\"widget\" data-e-type=\"widget\" data-widget_type=\"text-editor.default\">\n\t\t\t\t\t\t\t\t\t<p><strong>Serwis i uruchomienie maszyn<\/strong><\/p><p>W Tech Automation oferujemy profesjonalny serwis i sprawne uruchomienie maszyn w celu zapewnienia optymalnego dzia\u0142ania i maksymalnej wydajno\u015bci. Nasz do\u015bwiadczony zesp\u00f3\u0142 zapewnia, \u017ce maszyny s\u0105 prawid\u0142owo zainstalowane i dzia\u0142aj\u0105 p\u0142ynnie od pierwszego dnia. <\/p><p><strong>Nasze us\u0142ugi obejmuj\u0105:<\/strong><\/p><ul><li>Dok\u0142adne uruchamianie i testowanie maszyn pod k\u0105tem optymalnej funkcjonalno\u015bci<\/li><li>Wsparcie techniczne i wskaz\u00f3wki dotycz\u0105ce u\u017cytkowania i konserwacji<\/li><li>Regularny serwis i konserwacja w celu wyd\u0142u\u017cenia \u017cywotno\u015bci maszyn<\/li><li>Rozwi\u0105zywanie problem\u00f3w i naprawa w razie wyst\u0105pienia problem\u00f3w<\/li><li>Aktualizowanie i dostosowywanie maszyn zgodnie z potrzebami<\/li><\/ul><p><strong>Dlaczego warto nas wybra\u0107?<\/strong><\/p><ul><li>Do\u015bwiadczenie z szerok\u0105 gam\u0105 typ\u00f3w maszyn i producent\u00f3w<\/li><li>Koncentracja na jako\u015bci, niezawodno\u015bci i przyjazno\u015bci dla \u015brodowiska<\/li><li>Szybki czas reakcji i elastyczne umowy serwisowe<\/li><li>Podej\u015bcie zorientowane na klienta i spersonalizowane doradztwo<\/li><\/ul><p>Pomo\u017cemy Ci upewni\u0107 si\u0119, \u017ce Twoje maszyny zawsze dzia\u0142aj\u0105 optymalnie. Skontaktuj si\u0119 z nami ju\u017c dzi\u015b, aby uzyska\u0107 niezobowi\u0105zuj\u0105c\u0105 wycen\u0119 lub porady dotycz\u0105ce naszych us\u0142ug konserwacji i uruchamiania. <\/p>\t\t\t\t\t\t\t\t<\/div>\n\t\t\t\t\t<\/div>\n\t\t\t\t<\/div>\n\t\t\t\t<\/div>\n\t\t<div class=\"elementor-element elementor-element-831614e e-con-full e-flex e-con e-child\" data-id=\"831614e\" data-element_type=\"container\" data-e-type=\"container\" data-settings=\"{&quot;background_background&quot;:&quot;classic&quot;}\">\n\t\t<div class=\"elementor-element elementor-element-c753f05 e-flex e-con-boxed e-con e-child\" data-id=\"c753f05\" data-element_type=\"container\" data-e-type=\"container\" data-settings=\"{&quot;background_background&quot;:&quot;classic&quot;}\">\n\t\t\t\t\t<div class=\"e-con-inner\">\n\t\t\t\t<div class=\"elementor-element elementor-element-7b9cd1d elementor-widget elementor-widget-heading\" data-id=\"7b9cd1d\" data-element_type=\"widget\" data-e-type=\"widget\" data-widget_type=\"heading.default\">\n\t\t\t\t\t<h3 class=\"elementor-heading-title elementor-size-default\">Nasze tablice produkujemy zar\u00f3wno w Danii, jak i w Polsce\n<\/h3>\t\t\t\t<\/div>\n\t\t\t\t<div class=\"elementor-element elementor-element-7fc8c10 elementor-widget elementor-widget-text-editor\" data-id=\"7fc8c10\" data-element_type=\"widget\" data-e-type=\"widget\" data-widget_type=\"text-editor.default\">\n\t\t\t\t\t\t\t\t\t<p>Nasze dedykowane zespo\u0142y w Danii i Polsce \u015bci\u015ble ze sob\u0105 wsp\u00f3\u0142pracuj\u0105, aby zapewni\u0107, \u017ce ka\u017cda p\u0142yta spe\u0142nia nasze wysokie standardy jako\u015bci i funkcjonalno\u015bci.<\/p>\t\t\t\t\t\t\t\t<\/div>\n\t\t\t\t\t<\/div>\n\t\t\t\t<\/div>\n\t\t<div class=\"elementor-element elementor-element-ffb4eb5 e-con-full e-flex e-con e-child\" data-id=\"ffb4eb5\" data-element_type=\"container\" data-e-type=\"container\" data-settings=\"{&quot;background_background&quot;:&quot;classic&quot;}\">\n\t\t<div class=\"elementor-element elementor-element-32c38c5 e-flex e-con-boxed e-con e-child\" data-id=\"32c38c5\" data-element_type=\"container\" data-e-type=\"container\">\n\t\t\t\t\t<div class=\"e-con-inner\">\n\t\t\t\t<div class=\"elementor-element elementor-element-d704d5b elementor-widget elementor-widget-heading\" data-id=\"d704d5b\" data-element_type=\"widget\" data-e-type=\"widget\" data-widget_type=\"heading.default\">\n\t\t\t\t\t<h2 class=\"elementor-heading-title elementor-size-default\">Skontaktuj si\u0119 z nami<\/h2>\t\t\t\t<\/div>\n\t\t\t\t<div class=\"elementor-element elementor-element-9a3e3db elementor-widget elementor-widget-text-editor\" data-id=\"9a3e3db\" data-element_type=\"widget\" data-e-type=\"widget\" data-widget_type=\"text-editor.default\">\n\t\t\t\t\t\t\t\t\t<p><strong>Jesper Juul<\/strong><\/p><p><br><br>D<b>yrektor i wsp\u00f3\u0142w\u0142a\u015bciciel<\/b> Mail:<a href=\"mailto:jj@tech-automation.dk\">jj@tech-automation.dk<\/a> Mobile<a href=\"tel:+4525400651\">+45 2540 0651<\/a><\/p>\t\t\t\t\t\t\t\t<\/div>\n\t\t\t\t\t<\/div>\n\t\t\t\t<\/div>\n\t\t<div class=\"elementor-element elementor-element-8db16c4 e-flex e-con-boxed e-con e-child\" data-id=\"8db16c4\" data-element_type=\"container\" data-e-type=\"container\">\n\t\t\t\t\t<div class=\"e-con-inner\">\n\t\t\t\t<div class=\"elementor-element elementor-element-a31b4fa elementor-widget elementor-widget-image\" data-id=\"a31b4fa\" data-element_type=\"widget\" data-e-type=\"widget\" data-widget_type=\"image.default\">\n\t\t\t\t\t\t\t\t\t\t\t\t\t\t\t<img decoding=\"async\" width=\"800\" height=\"800\" src=\"https:\/\/tech-automation.dk\/wp-content\/uploads\/2024\/01\/Jesper_kontakt.png\" class=\"attachment-large size-large wp-image-3861\" alt=\"\" srcset=\"https:\/\/tech-automation.dk\/wp-content\/uploads\/2024\/01\/Jesper_kontakt.png.webp 889w, https:\/\/tech-automation.dk\/wp-content\/uploads\/2024\/01\/Jesper_kontakt-300x300.png.webp 300w, https:\/\/tech-automation.dk\/wp-content\/uploads\/2024\/01\/Jesper_kontakt-150x150.png.webp 150w, https:\/\/tech-automation.dk\/wp-content\/uploads\/2024\/01\/Jesper_kontakt-768x768.png.webp 768w\" sizes=\"(max-width: 800px) 100vw, 800px\" \/>\t\t\t\t\t\t\t\t\t\t\t\t\t\t\t<\/div>\n\t\t\t\t\t<\/div>\n\t\t\t\t<\/div>\n\t\t\t\t<\/div>\n\t\t\t\t<\/div>\n\t\t\t\t\t<\/div>\n\t\t\t\t<\/div>\n\t\t<div class=\"elementor-element elementor-element-8af2a50 e-flex e-con-boxed e-con e-parent\" data-id=\"8af2a50\" data-element_type=\"container\" data-e-type=\"container\" data-settings=\"{&quot;background_background&quot;:&quot;classic&quot;}\">\n\t\t\t\t\t<div class=\"e-con-inner\">\n\t\t<div class=\"elementor-element elementor-element-a002ee6 e-flex e-con-boxed e-con e-child\" data-id=\"a002ee6\" data-element_type=\"container\" data-e-type=\"container\" data-settings=\"{&quot;background_background&quot;:&quot;classic&quot;}\">\n\t\t\t\t\t<div class=\"e-con-inner\">\n\t\t<div class=\"elementor-element elementor-element-c5a5d1d e-con-full e-flex e-con e-child\" data-id=\"c5a5d1d\" data-element_type=\"container\" data-e-type=\"container\">\n\t\t\t\t<div class=\"elementor-element elementor-element-6f3573a elementor-widget elementor-widget-heading\" data-id=\"6f3573a\" data-element_type=\"widget\" data-e-type=\"widget\" data-widget_type=\"heading.default\">\n\t\t\t\t\t<h3 class=\"elementor-heading-title elementor-size-default\">Jeste\u015bmy certyfikowanym domem E-plan\n<\/h3>\t\t\t\t<\/div>\n\t\t\t\t<div class=\"elementor-element elementor-element-e2abf7a elementor-widget elementor-widget-text-editor\" data-id=\"e2abf7a\" data-element_type=\"widget\" data-e-type=\"widget\" data-widget_type=\"text-editor.default\">\n\t\t\t\t\t\t\t\t\t<p>Optymalizujemy ten proces dzi\u0119ki E-plan &#8211; systemowi do efektywnego planowania, rozwoju i projektowania.<\/p>\t\t\t\t\t\t\t\t<\/div>\n\t\t\t\t<\/div>\n\t\t<div class=\"elementor-element elementor-element-b94ddb4 e-flex e-con-boxed e-con e-child\" data-id=\"b94ddb4\" data-element_type=\"container\" data-e-type=\"container\">\n\t\t\t\t\t<div class=\"e-con-inner\">\n\t\t\t\t<div class=\"elementor-element elementor-element-fa2108a elementor-widget__width-initial elementor-widget elementor-widget-image\" data-id=\"fa2108a\" data-element_type=\"widget\" data-e-type=\"widget\" data-widget_type=\"image.default\">\n\t\t\t\t\t\t\t\t\t\t\t\t\t\t\t<img loading=\"lazy\" decoding=\"async\" width=\"400\" height=\"424\" src=\"https:\/\/tech-automation.dk\/wp-content\/uploads\/2024\/01\/ECE_Plakette_2022_2025.png\" class=\"attachment-large size-large wp-image-3865\" alt=\"\" srcset=\"https:\/\/tech-automation.dk\/wp-content\/uploads\/2024\/01\/ECE_Plakette_2022_2025.png.webp 400w, https:\/\/tech-automation.dk\/wp-content\/uploads\/2024\/01\/ECE_Plakette_2022_2025-283x300.png.webp 283w\" sizes=\"(max-width: 400px) 100vw, 400px\" \/>\t\t\t\t\t\t\t\t\t\t\t\t\t\t\t<\/div>\n\t\t\t\t\t<\/div>\n\t\t\t\t<\/div>\n\t\t\t\t\t<\/div>\n\t\t\t\t<\/div>\n\t\t\t\t\t<\/div>\n\t\t\t\t<\/div>\n\t\t\t\t<\/div>\n\t\t","protected":false},"excerpt":{"rendered":"<p>Us\u0142uga Jeste\u015bmy Twoim partnerem &#8222;pod klucz&#8221;. Mo\u017cemy wesprze\u0107 Ci\u0119 od koncepcji do gotowego projektu i p\u00f3\u017aniejszej obs\u0142ugi Jako partner &#8222;pod klucz&#8221; bierzemy odpowiedzialno\u015b\u0107 za ca\u0142y proces &#8211; od pocz\u0105tkowego pomys\u0142u do gotowego, dzia\u0142aj\u0105cego systemu. Oferujemy kompleksowe rozwi\u0105zania zapewniaj\u0105ce sprawn\u0105 i wydajn\u0105 realizacj\u0119 projektu. ROZW\u00d3J DESIGN PRODUKCJA SERWIS Zrozumienie potrzeb klienta Naszym pierwszym krokiem jest zawsze [&hellip;]<\/p>\n","protected":false},"author":4,"featured_media":0,"parent":0,"menu_order":0,"comment_status":"closed","ping_status":"closed","template":"","meta":{"footnotes":""},"class_list":["post-4188","page","type-page","status-publish","hentry"],"_links":{"self":[{"href":"https:\/\/tech-automation.dk\/pl\/wp-json\/wp\/v2\/pages\/4188","targetHints":{"allow":["GET"]}}],"collection":[{"href":"https:\/\/tech-automation.dk\/pl\/wp-json\/wp\/v2\/pages"}],"about":[{"href":"https:\/\/tech-automation.dk\/pl\/wp-json\/wp\/v2\/types\/page"}],"author":[{"embeddable":true,"href":"https:\/\/tech-automation.dk\/pl\/wp-json\/wp\/v2\/users\/4"}],"replies":[{"embeddable":true,"href":"https:\/\/tech-automation.dk\/pl\/wp-json\/wp\/v2\/comments?post=4188"}],"version-history":[{"count":17,"href":"https:\/\/tech-automation.dk\/pl\/wp-json\/wp\/v2\/pages\/4188\/revisions"}],"predecessor-version":[{"id":9356,"href":"https:\/\/tech-automation.dk\/pl\/wp-json\/wp\/v2\/pages\/4188\/revisions\/9356"}],"wp:attachment":[{"href":"https:\/\/tech-automation.dk\/pl\/wp-json\/wp\/v2\/media?parent=4188"}],"curies":[{"name":"wp","href":"https:\/\/api.w.org\/{rel}","templated":true}]}}