{"id":4192,"date":"2024-02-29T13:18:46","date_gmt":"2024-02-29T12:18:46","guid":{"rendered":"https:\/\/tech-automation.dk\/dania-i-polska\/"},"modified":"2026-03-24T14:26:12","modified_gmt":"2026-03-24T13:26:12","slug":"dania-i-polska","status":"publish","type":"page","link":"https:\/\/tech-automation.dk\/pl\/dania-i-polska\/","title":{"rendered":"Dania i Polska"},"content":{"rendered":"\t\t<div data-elementor-type=\"wp-page\" data-elementor-id=\"4192\" class=\"elementor elementor-4192 elementor-3411\" data-elementor-post-type=\"page\">\n\t\t\t\t<div class=\"elementor-element elementor-element-e2e0410 e-flex e-con-boxed e-con e-parent\" data-id=\"e2e0410\" data-element_type=\"container\" data-e-type=\"container\" data-settings=\"{&quot;background_background&quot;:&quot;classic&quot;,&quot;motion_fx_motion_fx_scrolling&quot;:&quot;yes&quot;,&quot;animation&quot;:&quot;none&quot;,&quot;motion_fx_devices&quot;:[&quot;desktop&quot;,&quot;tablet&quot;,&quot;mobile&quot;]}\">\n\t\t\t\t\t<div class=\"e-con-inner\">\n\t\t<div class=\"elementor-element elementor-element-7dfc2e8 e-flex e-con-boxed e-con e-child\" data-id=\"7dfc2e8\" data-element_type=\"container\" data-e-type=\"container\">\n\t\t\t\t\t<div class=\"e-con-inner\">\n\t\t<div class=\"elementor-element elementor-element-e08995b e-con-full e-flex e-con e-child\" data-id=\"e08995b\" data-element_type=\"container\" data-e-type=\"container\">\n\t\t\t\t<div class=\"elementor-element elementor-element-30b15d1 elementor-invisible elementor-widget elementor-widget-heading\" data-id=\"30b15d1\" data-element_type=\"widget\" data-e-type=\"widget\" data-settings=\"{&quot;_animation&quot;:&quot;fadeInDown&quot;,&quot;_animation_delay&quot;:500}\" data-widget_type=\"heading.default\">\n\t\t\t\t\t<h1 class=\"elementor-heading-title elementor-size-default\">W\u0142asna produkcja w Danii i Polsce<\/h1>\t\t\t\t<\/div>\n\t\t\t\t<\/div>\n\t\t<div class=\"elementor-element elementor-element-a9b9fa8 e-con-full e-flex e-con e-child\" data-id=\"a9b9fa8\" data-element_type=\"container\" data-e-type=\"container\">\n\t\t\t\t<div class=\"elementor-element elementor-element-c30ceb3 elementor-widget elementor-widget-image\" data-id=\"c30ceb3\" data-element_type=\"widget\" data-e-type=\"widget\" data-widget_type=\"image.default\">\n\t\t\t\t\t\t\t\t\t\t\t\t\t\t\t<img fetchpriority=\"high\" decoding=\"async\" width=\"407\" height=\"321\" src=\"https:\/\/tech-automation.dk\/wp-content\/uploads\/2026\/03\/DKPolen_NEG.png\" class=\"attachment-large size-large wp-image-8723\" alt=\"\" srcset=\"https:\/\/tech-automation.dk\/wp-content\/uploads\/2026\/03\/DKPolen_NEG.png 407w, https:\/\/tech-automation.dk\/wp-content\/uploads\/2026\/03\/DKPolen_NEG-300x237.png 300w\" sizes=\"(max-width: 407px) 100vw, 407px\" \/>\t\t\t\t\t\t\t\t\t\t\t\t\t\t\t<\/div>\n\t\t\t\t<\/div>\n\t\t\t\t\t<\/div>\n\t\t\t\t<\/div>\n\t\t\t\t\t<\/div>\n\t\t\t\t<\/div>\n\t\t<div class=\"elementor-element elementor-element-bc90321 e-flex e-con-boxed e-con e-parent\" data-id=\"bc90321\" data-element_type=\"container\" data-e-type=\"container\">\n\t\t\t\t\t<div class=\"e-con-inner\">\n\t\t\t\t<div class=\"elementor-element elementor-element-ab199b5 elementor-widget elementor-widget-text-editor\" data-id=\"ab199b5\" data-element_type=\"widget\" data-e-type=\"widget\" data-widget_type=\"text-editor.default\">\n\t\t\t\t\t\t\t\t\t<h5>Du\u017ca elastyczno\u015b\u0107<\/h5><p><span data-contrast=\"none\">Tech Automation prowadzi w\u0142asn\u0105 produkcj\u0119 paneli sterowania i rozdzielnic w Danii, ale tak\u017ce w Polsce. Daje nam to wyj\u0105tkow\u0105 mo\u017cliwo\u015b\u0107 zmaksymalizowania elastyczno\u015bci, zwi\u0119kszenia mocy produkcyjnych i zapewnienia wysokiego stopnia elastyczno\u015bci naszych dostaw.  <\/span><span data-ccp-props=\"{\"201341983\":0,\"335559685\":-20,\"335559737\":-20,\"335559739\":160,\"335559740\":259}\"> <\/span><\/p><h5>Szybko\u015b\u0107 dostawy<\/h5><p><span data-contrast=\"none\">Dzi\u0119ki zak\u0142adom produkcyjnym w Danii i Polsce jeste\u015bmy w stanie szybko i skutecznie dostosowa\u0107 si\u0119 do potrzeb naszych klient\u00f3w, zapewniaj\u0105c jednocze\u015bnie, \u017ce nasze produkty zachowuj\u0105 wysoki standard i jako\u015b\u0107, kt\u00f3rych oczekuj\u0105 od nas nasi klienci.  <\/span><span data-ccp-props=\"{\"201341983\":0,\"335559685\":-20,\"335559737\":-20,\"335559739\":160,\"335559740\":259}\"> <\/span><\/p><h5>Testowanie i wsparcie w Danii<\/h5><p><span data-contrast=\"none\">Mamy r\u00f3wnie\u017c dedykowany zesp\u00f3\u0142 testowy i wsparcia technicznego w Danii. Oznacza to, \u017ce mo\u017cemy zapewni\u0107, \u017ce nasze produkty s\u0105 testowane i certyfikowane zgodnie z obowi\u0105zuj\u0105cymi normami, zapewniaj\u0105c jednocze\u015bnie natychmiastowe wsparcie i obs\u0142ug\u0119 naszych klient\u00f3w na miejscu.  <\/span><span data-ccp-props=\"{\"201341983\":0,\"335559685\":-20,\"335559737\":-20,\"335559739\":160,\"335559740\":259}\"> <\/span><\/p><h5>Znamy Twoje potrzeby<\/h5><p><span data-contrast=\"none\">Zawsze staramy si\u0119 zaspokaja\u0107 potrzeby naszych klient\u00f3w w spos\u00f3b elastyczny, niezawodny i wydajny. W Tech Automation naszym celem jest bycie preferowanym partnerem w budowie, projektowaniu i produkcji paneli elektrycznych poprzez dobr\u0105 obs\u0142ug\u0119 i niezawodno\u015b\u0107 dostaw.<\/span><span data-ccp-props=\"{\"201341983\":0,\"335559685\":-20,\"335559737\":-20,\"335559739\":160,\"335559740\":259}\"> <\/span><\/p>\t\t\t\t\t\t\t\t<\/div>\n\t\t\t\t\t<\/div>\n\t\t\t\t<\/div>\n\t\t<div class=\"elementor-element elementor-element-5ff188e elementor-hidden-desktop elementor-hidden-tablet elementor-hidden-mobile e-flex e-con-boxed e-con e-parent\" data-id=\"5ff188e\" data-element_type=\"container\" data-e-type=\"container\" data-settings=\"{&quot;background_background&quot;:&quot;classic&quot;}\">\n\t\t\t\t\t<div class=\"e-con-inner\">\n\t\t<div class=\"elementor-element elementor-element-7b6451e e-flex e-con-boxed e-con e-child\" data-id=\"7b6451e\" data-element_type=\"container\" data-e-type=\"container\" data-settings=\"{&quot;background_background&quot;:&quot;classic&quot;}\">\n\t\t\t\t\t<div class=\"e-con-inner\">\n\t\t\t\t<div class=\"elementor-element elementor-element-6e3c660 elementor-widget elementor-widget-heading\" data-id=\"6e3c660\" data-element_type=\"widget\" data-e-type=\"widget\" data-widget_type=\"heading.default\">\n\t\t\t\t\t<h2 class=\"elementor-heading-title elementor-size-default\">Produkcja seryjna<\/h2>\t\t\t\t<\/div>\n\t\t\t\t<div class=\"elementor-element elementor-element-2fbcce3 elementor-widget elementor-widget-heading\" data-id=\"2fbcce3\" data-element_type=\"widget\" data-e-type=\"widget\" data-widget_type=\"heading.default\">\n\t\t\t\t\t<h2 class=\"elementor-heading-title elementor-size-default\">Dlaczego warto wybra\u0107 Tech Automation<\/h2>\t\t\t\t<\/div>\n\t\t<div class=\"elementor-element elementor-element-17afd5f e-flex e-con-boxed e-con e-child\" data-id=\"17afd5f\" data-element_type=\"container\" data-e-type=\"container\">\n\t\t\t\t\t<div class=\"e-con-inner\">\n\t\t\t\t<div class=\"elementor-element elementor-element-30f0f8e elementor-widget elementor-widget-text-editor\" data-id=\"30f0f8e\" data-element_type=\"widget\" data-e-type=\"widget\" data-widget_type=\"text-editor.default\">\n\t\t\t\t\t\t\t\t\t<p>Dostarczamy wysokiej jako\u015bci panele sterowania, kt\u00f3re spe\u0142niaj\u0105 wymagania Twojej produkcji. Nasza zdolno\u015b\u0107 do adaptacji, zar\u00f3wno w przypadku standardowych, jak i niestandardowych rozwi\u0105za\u0144, czyni nas idealnym partnerem dla Twojej firmy.<\/p>\t\t\t\t\t\t\t\t<\/div>\n\t\t\t\t\t<\/div>\n\t\t\t\t<\/div>\n\t\t<div class=\"elementor-element elementor-element-deff2ec e-flex e-con-boxed e-con e-child\" data-id=\"deff2ec\" data-element_type=\"container\" data-e-type=\"container\">\n\t\t\t\t\t<div class=\"e-con-inner\">\n\t\t<div class=\"elementor-element elementor-element-625c548 e-flex e-con-boxed e-con e-child\" data-id=\"625c548\" data-element_type=\"container\" data-e-type=\"container\" data-settings=\"{&quot;background_background&quot;:&quot;classic&quot;}\">\n\t\t\t\t\t<div class=\"e-con-inner\">\n\t\t\t\t<div class=\"elementor-element elementor-element-70fdd0c elementor-view-default elementor-position-block-start elementor-mobile-position-block-start elementor-widget elementor-widget-icon-box\" data-id=\"70fdd0c\" data-element_type=\"widget\" data-e-type=\"widget\" data-widget_type=\"icon-box.default\">\n\t\t\t\t\t\t\t<div class=\"elementor-icon-box-wrapper\">\n\n\t\t\t\t\t\t<div class=\"elementor-icon-box-icon\">\n\t\t\t\t<span  class=\"elementor-icon\">\n\t\t\t\t<svg aria-hidden=\"true\" class=\"e-font-icon-svg e-far-check-circle\" viewBox=\"0 0 512 512\" xmlns=\"http:\/\/www.w3.org\/2000\/svg\"><path d=\"M256 8C119.033 8 8 119.033 8 256s111.033 248 248 248 248-111.033 248-248S392.967 8 256 8zm0 48c110.532 0 200 89.451 200 200 0 110.532-89.451 200-200 200-110.532 0-200-89.451-200-200 0-110.532 89.451-200 200-200m140.204 130.267l-22.536-22.718c-4.667-4.705-12.265-4.736-16.97-.068L215.346 303.697l-59.792-60.277c-4.667-4.705-12.265-4.736-16.97-.069l-22.719 22.536c-4.705 4.667-4.736 12.265-.068 16.971l90.781 91.516c4.667 4.705 12.265 4.736 16.97.068l172.589-171.204c4.704-4.668 4.734-12.266.067-16.971z\"><\/path><\/svg>\t\t\t\t<\/span>\n\t\t\t<\/div>\n\t\t\t\n\t\t\t\t\t\t<div class=\"elementor-icon-box-content\">\n\n\t\t\t\t\t\t\t\t\t<h3 class=\"elementor-icon-box-title\">\n\t\t\t\t\t\t<span  >\n\t\t\t\t\t\t\tProjektowanie i budowa\t\t\t\t\t\t<\/span>\n\t\t\t\t\t<\/h3>\n\t\t\t\t\n\t\t\t\t\t\t\t\t\t<p class=\"elementor-icon-box-description\">\n\t\t\t\t\t\tLorem ipsum dolor sit amet, consectetur adipiscing elit. Ut elit tellus, luctus nec ullamcorper mattis, pulvinar dapibus leo. \t\t\t\t\t<\/p>\n\t\t\t\t\n\t\t\t<\/div>\n\t\t\t\n\t\t<\/div>\n\t\t\t\t\t\t<\/div>\n\t\t\t\t\t<\/div>\n\t\t\t\t<\/div>\n\t\t<div class=\"elementor-element elementor-element-98ad9ee e-flex e-con-boxed e-con e-child\" data-id=\"98ad9ee\" data-element_type=\"container\" data-e-type=\"container\" data-settings=\"{&quot;background_background&quot;:&quot;classic&quot;}\">\n\t\t\t\t\t<div class=\"e-con-inner\">\n\t\t\t\t<div class=\"elementor-element elementor-element-bbff36f elementor-view-default elementor-position-block-start elementor-mobile-position-block-start elementor-widget elementor-widget-icon-box\" data-id=\"bbff36f\" data-element_type=\"widget\" data-e-type=\"widget\" data-widget_type=\"icon-box.default\">\n\t\t\t\t\t\t\t<div class=\"elementor-icon-box-wrapper\">\n\n\t\t\t\t\t\t<div class=\"elementor-icon-box-icon\">\n\t\t\t\t<span  class=\"elementor-icon\">\n\t\t\t\t<svg aria-hidden=\"true\" class=\"e-font-icon-svg e-far-clock\" viewBox=\"0 0 512 512\" xmlns=\"http:\/\/www.w3.org\/2000\/svg\"><path d=\"M256 8C119 8 8 119 8 256s111 248 248 248 248-111 248-248S393 8 256 8zm0 448c-110.5 0-200-89.5-200-200S145.5 56 256 56s200 89.5 200 200-89.5 200-200 200zm61.8-104.4l-84.9-61.7c-3.1-2.3-4.9-5.9-4.9-9.7V116c0-6.6 5.4-12 12-12h32c6.6 0 12 5.4 12 12v141.7l66.8 48.6c5.4 3.9 6.5 11.4 2.6 16.8L334.6 349c-3.9 5.3-11.4 6.5-16.8 2.6z\"><\/path><\/svg>\t\t\t\t<\/span>\n\t\t\t<\/div>\n\t\t\t\n\t\t\t\t\t\t<div class=\"elementor-icon-box-content\">\n\n\t\t\t\t\t\t\t\t\t<h3 class=\"elementor-icon-box-title\">\n\t\t\t\t\t\t<span  >\n\t\t\t\t\t\t\tProdukcja\t\t\t\t\t\t<\/span>\n\t\t\t\t\t<\/h3>\n\t\t\t\t\n\t\t\t\t\t\t\t\t\t<p class=\"elementor-icon-box-description\">\n\t\t\t\t\t\tLorem ipsum dolor sit amet, consectetur adipiscing elit. Ut elit tellus, luctus nec ullamcorper mattis, pulvinar dapibus leo. \t\t\t\t\t<\/p>\n\t\t\t\t\n\t\t\t<\/div>\n\t\t\t\n\t\t<\/div>\n\t\t\t\t\t\t<\/div>\n\t\t\t\t\t<\/div>\n\t\t\t\t<\/div>\n\t\t<div class=\"elementor-element elementor-element-253e1a7 e-flex e-con-boxed e-con e-child\" data-id=\"253e1a7\" data-element_type=\"container\" data-e-type=\"container\" data-settings=\"{&quot;background_background&quot;:&quot;classic&quot;}\">\n\t\t\t\t\t<div class=\"e-con-inner\">\n\t\t\t\t<div class=\"elementor-element elementor-element-996ca1a elementor-view-default elementor-position-block-start elementor-mobile-position-block-start elementor-widget elementor-widget-icon-box\" data-id=\"996ca1a\" data-element_type=\"widget\" data-e-type=\"widget\" data-widget_type=\"icon-box.default\">\n\t\t\t\t\t\t\t<div class=\"elementor-icon-box-wrapper\">\n\n\t\t\t\t\t\t<div class=\"elementor-icon-box-icon\">\n\t\t\t\t<span  class=\"elementor-icon\">\n\t\t\t\t<svg aria-hidden=\"true\" class=\"e-font-icon-svg e-far-dot-circle\" viewBox=\"0 0 512 512\" xmlns=\"http:\/\/www.w3.org\/2000\/svg\"><path d=\"M256 56c110.532 0 200 89.451 200 200 0 110.532-89.451 200-200 200-110.532 0-200-89.451-200-200 0-110.532 89.451-200 200-200m0-48C119.033 8 8 119.033 8 256s111.033 248 248 248 248-111.033 248-248S392.967 8 256 8zm0 168c-44.183 0-80 35.817-80 80s35.817 80 80 80 80-35.817 80-80-35.817-80-80-80z\"><\/path><\/svg>\t\t\t\t<\/span>\n\t\t\t<\/div>\n\t\t\t\n\t\t\t\t\t\t<div class=\"elementor-icon-box-content\">\n\n\t\t\t\t\t\t\t\t\t<h3 class=\"elementor-icon-box-title\">\n\t\t\t\t\t\t<span  >\n\t\t\t\t\t\t\tRozwi\u0105zanie w centrum uwagi\t\t\t\t\t\t<\/span>\n\t\t\t\t\t<\/h3>\n\t\t\t\t\n\t\t\t\t\t\t\t\t\t<p class=\"elementor-icon-box-description\">\n\t\t\t\t\t\tLorem ipsum dolor sit amet, consectetur adipiscing elit. Ut elit tellus, luctus nec ullamcorper mattis, pulvinar dapibus leo. \t\t\t\t\t<\/p>\n\t\t\t\t\n\t\t\t<\/div>\n\t\t\t\n\t\t<\/div>\n\t\t\t\t\t\t<\/div>\n\t\t\t\t\t<\/div>\n\t\t\t\t<\/div>\n\t\t\t\t\t<\/div>\n\t\t\t\t<\/div>\n\t\t\t\t\t<\/div>\n\t\t\t\t<\/div>\n\t\t\t\t\t<\/div>\n\t\t\t\t<\/div>\n\t\t<div class=\"elementor-element elementor-element-42f3d86 e-con-full e-flex e-con e-parent\" data-id=\"42f3d86\" data-element_type=\"container\" data-e-type=\"container\">\n\t\t\t\t<div class=\"elementor-element elementor-element-9f8aa26 elementor-widget__width-inherit elementor-widget elementor-widget-image-carousel\" data-id=\"9f8aa26\" data-element_type=\"widget\" data-e-type=\"widget\" data-settings=\"{&quot;navigation&quot;:&quot;none&quot;,&quot;autoplay&quot;:&quot;yes&quot;,&quot;pause_on_hover&quot;:&quot;yes&quot;,&quot;pause_on_interaction&quot;:&quot;yes&quot;,&quot;autoplay_speed&quot;:5000,&quot;infinite&quot;:&quot;yes&quot;,&quot;speed&quot;:500}\" data-widget_type=\"image-carousel.default\">\n\t\t\t\t\t\t\t<div class=\"elementor-image-carousel-wrapper swiper\" role=\"region\" aria-roledescription=\"carousel\" aria-label=\"Billedkarussel\" dir=\"ltr\">\n\t\t\t<div class=\"elementor-image-carousel swiper-wrapper\" aria-live=\"off\">\n\t\t\t\t\t\t\t\t<div class=\"swiper-slide\" role=\"group\" aria-roledescription=\"slide\" aria-label=\"1 z 4\"><figure class=\"swiper-slide-inner\"><img decoding=\"async\" class=\"swiper-slide-image\" src=\"https:\/\/tech-automation.dk\/wp-content\/uploads\/2025\/07\/20250724_141106-scaled.jpg\" alt=\"20250724_141106\" \/><\/figure><\/div><div class=\"swiper-slide\" role=\"group\" aria-roledescription=\"slide\" aria-label=\"2 z 4\"><figure class=\"swiper-slide-inner\"><img decoding=\"async\" class=\"swiper-slide-image\" src=\"https:\/\/tech-automation.dk\/wp-content\/uploads\/2025\/08\/1754561681724.jpeg\" alt=\"1754561681724\" \/><\/figure><\/div><div class=\"swiper-slide\" role=\"group\" aria-roledescription=\"slide\" aria-label=\"3 z 4\"><figure class=\"swiper-slide-inner\"><img decoding=\"async\" class=\"swiper-slide-image\" src=\"https:\/\/tech-automation.dk\/wp-content\/uploads\/2025\/07\/20250724_140912-scaled.jpg\" alt=\"20250724_140912\" \/><\/figure><\/div><div class=\"swiper-slide\" role=\"group\" aria-roledescription=\"slide\" aria-label=\"4 z 4\"><figure class=\"swiper-slide-inner\"><img decoding=\"async\" class=\"swiper-slide-image\" src=\"https:\/\/tech-automation.dk\/wp-content\/uploads\/2025\/07\/Carussel_3.jpg\" alt=\"Carussel_3\" \/><\/figure><\/div>\t\t\t<\/div>\n\t\t\t\t\t\t\t\n\t\t\t\t\t\t\t\t\t<\/div>\n\t\t\t\t\t\t<\/div>\n\t\t\t\t<\/div>\n\t\t<div class=\"elementor-element elementor-element-8af2a50 e-flex e-con-boxed e-con e-parent\" data-id=\"8af2a50\" data-element_type=\"container\" data-e-type=\"container\" data-settings=\"{&quot;background_background&quot;:&quot;classic&quot;}\">\n\t\t\t\t\t<div class=\"e-con-inner\">\n\t\t<div class=\"elementor-element elementor-element-a002ee6 e-flex e-con-boxed e-con e-child\" data-id=\"a002ee6\" data-element_type=\"container\" data-e-type=\"container\" data-settings=\"{&quot;background_background&quot;:&quot;classic&quot;}\">\n\t\t\t\t\t<div class=\"e-con-inner\">\n\t\t<div class=\"elementor-element elementor-element-c5a5d1d e-con-full e-flex e-con e-child\" data-id=\"c5a5d1d\" data-element_type=\"container\" data-e-type=\"container\">\n\t\t\t\t<div class=\"elementor-element elementor-element-6f3573a elementor-widget elementor-widget-heading\" data-id=\"6f3573a\" data-element_type=\"widget\" data-e-type=\"widget\" data-widget_type=\"heading.default\">\n\t\t\t\t\t<h3 class=\"elementor-heading-title elementor-size-default\">Jeste\u015bmy certyfikowanym domem E-plan\n<\/h3>\t\t\t\t<\/div>\n\t\t\t\t<div class=\"elementor-element elementor-element-e2abf7a elementor-widget elementor-widget-text-editor\" data-id=\"e2abf7a\" data-element_type=\"widget\" data-e-type=\"widget\" data-widget_type=\"text-editor.default\">\n\t\t\t\t\t\t\t\t\t<p>Optymalizujemy ten proces dzi\u0119ki E-plan &#8211; systemowi do efektywnego planowania, rozwoju i projektowania.<\/p>\t\t\t\t\t\t\t\t<\/div>\n\t\t\t\t<\/div>\n\t\t<div class=\"elementor-element elementor-element-b94ddb4 e-flex e-con-boxed e-con e-child\" data-id=\"b94ddb4\" data-element_type=\"container\" data-e-type=\"container\">\n\t\t\t\t\t<div class=\"e-con-inner\">\n\t\t\t\t<div class=\"elementor-element elementor-element-fa2108a elementor-widget__width-initial elementor-widget elementor-widget-image\" data-id=\"fa2108a\" data-element_type=\"widget\" data-e-type=\"widget\" data-widget_type=\"image.default\">\n\t\t\t\t\t\t\t\t\t\t\t\t\t\t\t<img decoding=\"async\" width=\"400\" height=\"424\" src=\"https:\/\/tech-automation.dk\/wp-content\/uploads\/2024\/01\/ECE_Plakette_2022_2025.png\" class=\"attachment-large size-large wp-image-3865\" alt=\"\" srcset=\"https:\/\/tech-automation.dk\/wp-content\/uploads\/2024\/01\/ECE_Plakette_2022_2025.png 400w, https:\/\/tech-automation.dk\/wp-content\/uploads\/2024\/01\/ECE_Plakette_2022_2025-283x300.png 283w\" sizes=\"(max-width: 400px) 100vw, 400px\" \/>\t\t\t\t\t\t\t\t\t\t\t\t\t\t\t<\/div>\n\t\t\t\t\t<\/div>\n\t\t\t\t<\/div>\n\t\t\t\t\t<\/div>\n\t\t\t\t<\/div>\n\t\t\t\t\t<\/div>\n\t\t\t\t<\/div>\n\t\t\t\t<\/div>\n\t\t","protected":false},"excerpt":{"rendered":"<p>W\u0142asna produkcja w Danii i Polsce Du\u017ca elastyczno\u015b\u0107 Tech Automation prowadzi w\u0142asn\u0105 produkcj\u0119 paneli sterowania i rozdzielnic w Danii, ale tak\u017ce w Polsce. Daje nam to wyj\u0105tkow\u0105 mo\u017cliwo\u015b\u0107 zmaksymalizowania elastyczno\u015bci, zwi\u0119kszenia mocy produkcyjnych i zapewnienia wysokiego stopnia elastyczno\u015bci naszych dostaw. Szybko\u015b\u0107 dostawy Dzi\u0119ki zak\u0142adom produkcyjnym w Danii i Polsce jeste\u015bmy w stanie szybko i skutecznie [&hellip;]<\/p>\n","protected":false},"author":4,"featured_media":0,"parent":0,"menu_order":0,"comment_status":"closed","ping_status":"closed","template":"","meta":{"footnotes":""},"class_list":["post-4192","page","type-page","status-publish","hentry"],"_links":{"self":[{"href":"https:\/\/tech-automation.dk\/pl\/wp-json\/wp\/v2\/pages\/4192","targetHints":{"allow":["GET"]}}],"collection":[{"href":"https:\/\/tech-automation.dk\/pl\/wp-json\/wp\/v2\/pages"}],"about":[{"href":"https:\/\/tech-automation.dk\/pl\/wp-json\/wp\/v2\/types\/page"}],"author":[{"embeddable":true,"href":"https:\/\/tech-automation.dk\/pl\/wp-json\/wp\/v2\/users\/4"}],"replies":[{"embeddable":true,"href":"https:\/\/tech-automation.dk\/pl\/wp-json\/wp\/v2\/comments?post=4192"}],"version-history":[{"count":10,"href":"https:\/\/tech-automation.dk\/pl\/wp-json\/wp\/v2\/pages\/4192\/revisions"}],"predecessor-version":[{"id":9275,"href":"https:\/\/tech-automation.dk\/pl\/wp-json\/wp\/v2\/pages\/4192\/revisions\/9275"}],"wp:attachment":[{"href":"https:\/\/tech-automation.dk\/pl\/wp-json\/wp\/v2\/media?parent=4192"}],"curies":[{"name":"wp","href":"https:\/\/api.w.org\/{rel}","templated":true}]}}